{"id":26321,"date":"2024-04-11T10:11:09","date_gmt":"2024-04-11T08:11:09","guid":{"rendered":"https:\/\/cnbadalona.cat\/restaurant\/"},"modified":"2026-02-05T11:47:43","modified_gmt":"2026-02-05T10:47:43","slug":"restaurante","status":"publish","type":"page","link":"https:\/\/cnbadalona.cat\/es\/restaurante\/","title":{"rendered":"Restaurante"},"content":{"rendered":"\t\t<div data-elementor-type=\"wp-page\" data-elementor-id=\"26321\" class=\"elementor elementor-26321 elementor-18888\" data-elementor-post-type=\"page\">\n\t\t\t\t\t\t<section data-particle_enable=\"false\" data-particle-mobile-disabled=\"false\" class=\"elementor-section elementor-top-section elementor-element elementor-element-1f49d8b elementor-section-height-min-height elementor-section-items-stretch elementor-section-boxed elementor-section-height-default\" data-id=\"1f49d8b\" data-element_type=\"section\" data-e-type=\"section\" data-settings=\"{&quot;background_background&quot;:&quot;classic&quot;}\">\n\t\t\t\t\t\t<div class=\"elementor-container elementor-column-gap-default\">\n\t\t\t\t\t<div class=\"elementor-column elementor-col-100 elementor-top-column elementor-element elementor-element-80b29b0\" data-id=\"80b29b0\" data-element_type=\"column\" data-e-type=\"column\">\n\t\t\t<div class=\"elementor-widget-wrap elementor-element-populated\">\n\t\t\t\t\t\t<div class=\"elementor-element elementor-element-0eac2f2 elementor-widget elementor-widget-text-editor\" data-id=\"0eac2f2\" data-element_type=\"widget\" data-e-type=\"widget\" data-widget_type=\"text-editor.default\">\n\t\t\t\t<div class=\"elementor-widget-container\">\n\t\t\t\t\t\t\t\t\t<b>CN<\/b>Badalona\t\t\t\t\t\t\t\t<\/div>\n\t\t\t\t<\/div>\n\t\t\t\t<div class=\"elementor-element elementor-element-8d5b780 elementor-widget elementor-widget-heading\" data-id=\"8d5b780\" data-element_type=\"widget\" data-e-type=\"widget\" data-widget_type=\"heading.default\">\n\t\t\t\t<div class=\"elementor-widget-container\">\n\t\t\t\t\t<h1 class=\"elementor-heading-title elementor-size-default\">Sotavent Restaurant<\/h1>\t\t\t\t<\/div>\n\t\t\t\t<\/div>\n\t\t\t\t\t<\/div>\n\t\t<\/div>\n\t\t\t\t\t<\/div>\n\t\t<\/section>\n\t\t\t\t<section data-particle_enable=\"false\" data-particle-mobile-disabled=\"false\" class=\"elementor-section elementor-top-section elementor-element elementor-element-12d30cc elementor-section-full_width elementor-section-stretched elementor-section-height-default elementor-section-height-default\" data-id=\"12d30cc\" data-element_type=\"section\" data-e-type=\"section\" data-settings=\"{&quot;stretch_section&quot;:&quot;section-stretched&quot;,&quot;background_background&quot;:&quot;classic&quot;}\">\n\t\t\t\t\t\t<div class=\"elementor-container elementor-column-gap-default\">\n\t\t\t\t\t<div class=\"elementor-column elementor-col-50 elementor-top-column elementor-element elementor-element-74a951a\" data-id=\"74a951a\" data-element_type=\"column\" data-e-type=\"column\" data-settings=\"{&quot;background_background&quot;:&quot;classic&quot;}\">\n\t\t\t<div class=\"elementor-widget-wrap elementor-element-populated\">\n\t\t\t\t\t<div class=\"elementor-background-overlay\"><\/div>\n\t\t\t\t\t\t<div class=\"elementor-element elementor-element-90dbdd7 elementor-widget elementor-widget-heading\" data-id=\"90dbdd7\" data-element_type=\"widget\" data-e-type=\"widget\" data-widget_type=\"heading.default\">\n\t\t\t\t<div class=\"elementor-widget-container\">\n\t\t\t\t\t<h1 class=\"elementor-heading-title elementor-size-default\">Abierto al p\u00fablico\u200b\n<\/h1>\t\t\t\t<\/div>\n\t\t\t\t<\/div>\n\t\t\t\t<div class=\"elementor-element elementor-element-afb55d6 elementor-widget elementor-widget-gallery\" data-id=\"afb55d6\" data-element_type=\"widget\" data-e-type=\"widget\" data-settings=\"{&quot;gallery_layout&quot;:&quot;justified&quot;,&quot;ideal_row_height&quot;:{&quot;unit&quot;:&quot;px&quot;,&quot;size&quot;:262,&quot;sizes&quot;:[]},&quot;gap&quot;:{&quot;unit&quot;:&quot;px&quot;,&quot;size&quot;:21,&quot;sizes&quot;:[]},&quot;lazyload&quot;:&quot;yes&quot;,&quot;ideal_row_height_tablet&quot;:{&quot;unit&quot;:&quot;px&quot;,&quot;size&quot;:150,&quot;sizes&quot;:[]},&quot;ideal_row_height_mobile&quot;:{&quot;unit&quot;:&quot;px&quot;,&quot;size&quot;:150,&quot;sizes&quot;:[]},&quot;gap_tablet&quot;:{&quot;unit&quot;:&quot;px&quot;,&quot;size&quot;:10,&quot;sizes&quot;:[]},&quot;gap_mobile&quot;:{&quot;unit&quot;:&quot;px&quot;,&quot;size&quot;:10,&quot;sizes&quot;:[]},&quot;link_to&quot;:&quot;file&quot;,&quot;overlay_background&quot;:&quot;yes&quot;,&quot;content_hover_animation&quot;:&quot;fade-in&quot;}\" data-widget_type=\"gallery.default\">\n\t\t\t\t<div class=\"elementor-widget-container\">\n\t\t\t\t\t\t\t<div class=\"elementor-gallery__container\">\n\t\t\t\t\t\t\t<a class=\"e-gallery-item elementor-gallery-item elementor-animated-content\" href=\"https:\/\/cnbadalona.cat\/wp-content\/uploads\/2025\/04\/cnb-terrassa-restaurant-22-1-1.jpg\" data-elementor-open-lightbox=\"yes\" data-elementor-lightbox-slideshow=\"afb55d6\" data-e-action-hash=\"#elementor-action%3Aaction%3Dlightbox%26settings%3DeyJpZCI6MjY0NTksInVybCI6Imh0dHBzOlwvXC9jbmJhZGFsb25hLmNhdFwvd3AtY29udGVudFwvdXBsb2Fkc1wvMjAyNVwvMDRcL2NuYi10ZXJyYXNzYS1yZXN0YXVyYW50LTIyLTEtMS5qcGciLCJzbGlkZXNob3ciOiJhZmI1NWQ2In0%3D\">\n\t\t\t\t\t<div class=\"e-gallery-image elementor-gallery-item__image\" data-thumbnail=\"https:\/\/cnbadalona.cat\/wp-content\/uploads\/2025\/04\/cnb-terrassa-restaurant-22-1-1-768x512.jpg\" data-width=\"768\" data-height=\"512\" aria-label=\"\" role=\"img\" ><\/div>\n\t\t\t\t\t\t\t\t\t\t\t<div class=\"elementor-gallery-item__overlay\"><\/div>\n\t\t\t\t\t\t\t\t\t\t\t\t\t\t<\/a>\n\t\t\t\t\t\t\t<a class=\"e-gallery-item elementor-gallery-item elementor-animated-content\" href=\"https:\/\/cnbadalona.cat\/wp-content\/uploads\/2025\/04\/cnb-terrassa-restaurant-22-3-1.jpg\" data-elementor-open-lightbox=\"yes\" data-elementor-lightbox-slideshow=\"afb55d6\" data-e-action-hash=\"#elementor-action%3Aaction%3Dlightbox%26settings%3DeyJpZCI6MjY0NjEsInVybCI6Imh0dHBzOlwvXC9jbmJhZGFsb25hLmNhdFwvd3AtY29udGVudFwvdXBsb2Fkc1wvMjAyNVwvMDRcL2NuYi10ZXJyYXNzYS1yZXN0YXVyYW50LTIyLTMtMS5qcGciLCJzbGlkZXNob3ciOiJhZmI1NWQ2In0%3D\">\n\t\t\t\t\t<div class=\"e-gallery-image elementor-gallery-item__image\" data-thumbnail=\"https:\/\/cnbadalona.cat\/wp-content\/uploads\/2025\/04\/cnb-terrassa-restaurant-22-3-1-768x512.jpg\" data-width=\"768\" data-height=\"512\" aria-label=\"\" role=\"img\" ><\/div>\n\t\t\t\t\t\t\t\t\t\t\t<div class=\"elementor-gallery-item__overlay\"><\/div>\n\t\t\t\t\t\t\t\t\t\t\t\t\t\t<\/a>\n\t\t\t\t\t\t\t<a class=\"e-gallery-item elementor-gallery-item elementor-animated-content\" href=\"https:\/\/cnbadalona.cat\/wp-content\/uploads\/2025\/04\/cnb-terrassa-restaurant-22-2-1.jpg\" data-elementor-open-lightbox=\"yes\" data-elementor-lightbox-slideshow=\"afb55d6\" data-e-action-hash=\"#elementor-action%3Aaction%3Dlightbox%26settings%3DeyJpZCI6MjY0NjMsInVybCI6Imh0dHBzOlwvXC9jbmJhZGFsb25hLmNhdFwvd3AtY29udGVudFwvdXBsb2Fkc1wvMjAyNVwvMDRcL2NuYi10ZXJyYXNzYS1yZXN0YXVyYW50LTIyLTItMS5qcGciLCJzbGlkZXNob3ciOiJhZmI1NWQ2In0%3D\">\n\t\t\t\t\t<div class=\"e-gallery-image elementor-gallery-item__image\" data-thumbnail=\"https:\/\/cnbadalona.cat\/wp-content\/uploads\/2025\/04\/cnb-terrassa-restaurant-22-2-1-768x512.jpg\" data-width=\"768\" data-height=\"512\" aria-label=\"\" role=\"img\" ><\/div>\n\t\t\t\t\t\t\t\t\t\t\t<div class=\"elementor-gallery-item__overlay\"><\/div>\n\t\t\t\t\t\t\t\t\t\t\t\t\t\t<\/a>\n\t\t\t\t\t\t\t<a class=\"e-gallery-item elementor-gallery-item elementor-animated-content\" href=\"https:\/\/cnbadalona.cat\/wp-content\/uploads\/2025\/04\/cnb-terrassa-restaurant-22-4-1.jpg\" data-elementor-open-lightbox=\"yes\" data-elementor-lightbox-slideshow=\"afb55d6\" data-e-action-hash=\"#elementor-action%3Aaction%3Dlightbox%26settings%3DeyJpZCI6MjY0NjUsInVybCI6Imh0dHBzOlwvXC9jbmJhZGFsb25hLmNhdFwvd3AtY29udGVudFwvdXBsb2Fkc1wvMjAyNVwvMDRcL2NuYi10ZXJyYXNzYS1yZXN0YXVyYW50LTIyLTQtMS5qcGciLCJzbGlkZXNob3ciOiJhZmI1NWQ2In0%3D\">\n\t\t\t\t\t<div class=\"e-gallery-image elementor-gallery-item__image\" data-thumbnail=\"https:\/\/cnbadalona.cat\/wp-content\/uploads\/2025\/04\/cnb-terrassa-restaurant-22-4-1-768x512.jpg\" data-width=\"768\" data-height=\"512\" aria-label=\"\" role=\"img\" ><\/div>\n\t\t\t\t\t\t\t\t\t\t\t<div class=\"elementor-gallery-item__overlay\"><\/div>\n\t\t\t\t\t\t\t\t\t\t\t\t\t\t<\/a>\n\t\t\t\t\t<\/div>\n\t\t\t\t\t<\/div>\n\t\t\t\t<\/div>\n\t\t\t\t\t<\/div>\n\t\t<\/div>\n\t\t\t\t<div class=\"elementor-column elementor-col-50 elementor-top-column elementor-element elementor-element-d12fb1a\" data-id=\"d12fb1a\" data-element_type=\"column\" data-e-type=\"column\" data-settings=\"{&quot;background_background&quot;:&quot;classic&quot;}\">\n\t\t\t<div class=\"elementor-widget-wrap elementor-element-populated\">\n\t\t\t\t\t<div class=\"elementor-background-overlay\"><\/div>\n\t\t\t\t\t\t<div class=\"elementor-element elementor-element-59b517f elementor-widget elementor-widget-text-editor\" data-id=\"59b517f\" data-element_type=\"widget\" data-e-type=\"widget\" data-widget_type=\"text-editor.default\">\n\t\t\t\t<div class=\"elementor-widget-container\">\n\t\t\t\t\t\t\t\t\t<p>Vine a gaudir del millor menjar acompanyat de les millors vistes.<\/p>\t\t\t\t\t\t\t\t<\/div>\n\t\t\t\t<\/div>\n\t\t\t\t<div class=\"elementor-element elementor-element-9a28948 elementor-widget elementor-widget-text-editor\" data-id=\"9a28948\" data-element_type=\"widget\" data-e-type=\"widget\" data-widget_type=\"text-editor.default\">\n\t\t\t\t<div class=\"elementor-widget-container\">\n\t\t\t\t\t\t\t\t\t<div class=\"traductor-textarea form-group\"><div class=\"textarea-desti col-xs-12 col-sm-6\"><div class=\"form-control second-textarea\"><p>Te esperamos en el SOTAVENT del Club Nataci\u00f3 Badalona, un restaurante abierto a todo el p\u00fablico.<\/p><p>El SOTEVENT, es un restaurante inaugurado en abril del a\u00f1o 2007, est\u00e1 situado al 1.\u00ba, piso del edificio del Club Nataci\u00f3 Badalona, en el centro de Badalona, junto a la Calle de Mar.<\/p><p>La carta es caracteriza por la calidad de los productos frescos. Podr\u00e1s disfrutar de una gran variedad de platos para picar, mejillones, almejas, navajas, calamares, calamarcitos, pop, gambas, langostinos, cigalas\u2026 Para continuar con una amplia gama de arroces, carnes, pescados y mariscos.<\/p><\/div><\/div><\/div>\t\t\t\t\t\t\t\t<\/div>\n\t\t\t\t<\/div>\n\t\t\t\t<div class=\"elementor-element elementor-element-4892541 elementor-widget elementor-widget-text-editor\" data-id=\"4892541\" data-element_type=\"widget\" data-e-type=\"widget\" data-widget_type=\"text-editor.default\">\n\t\t\t\t<div class=\"elementor-widget-container\">\n\t\t\t\t\t\t\t\t\t<div class=\"traductor-textarea form-group\"><div class=\"textarea-desti col-xs-12 col-sm-6\"><div class=\"form-control second-textarea\"><p>Los SOCIOS\/SE , previa identificaci\u00f3n como tal, disfrutar\u00e1n de DESCUENTOS en el servicio de barra y la mayor\u00eda de productos (bebidas y snacks) as\u00ed como alg\u00fan detalle en el comedor. Una vez emitido el ticket ya no ser\u00e1 posible aplicarlos.<\/p><p>Tambi\u00e9n dispondr\u00e1n del men\u00fa entre semana y de s\u00e1bados, incluso en los periodos que este no exista por el p\u00fablico en general.<\/p><\/div><\/div><\/div>\t\t\t\t\t\t\t\t<\/div>\n\t\t\t\t<\/div>\n\t\t\t\t<div class=\"elementor-element elementor-element-be65076 elementor-icon-list--layout-traditional elementor-list-item-link-full_width elementor-widget elementor-widget-icon-list\" data-id=\"be65076\" data-element_type=\"widget\" data-e-type=\"widget\" data-widget_type=\"icon-list.default\">\n\t\t\t\t<div class=\"elementor-widget-container\">\n\t\t\t\t\t\t\t<ul class=\"elementor-icon-list-items\">\n\t\t\t\t\t\t\t<li class=\"elementor-icon-list-item\">\n\t\t\t\t\t\t\t\t\t\t\t<a href=\"https:\/\/maps.app.goo.gl\/nkPLjc7oFrrFLQJf6\">\n\n\t\t\t\t\t\t\t\t\t\t\t\t<span class=\"elementor-icon-list-icon\">\n\t\t\t\t\t\t\t<svg aria-hidden=\"true\" class=\"e-font-icon-svg e-fas-location-arrow\" viewBox=\"0 0 512 512\" xmlns=\"http:\/\/www.w3.org\/2000\/svg\"><path d=\"M444.52 3.52L28.74 195.42c-47.97 22.39-31.98 92.75 19.19 92.75h175.91v175.91c0 51.17 70.36 67.17 92.75 19.19l191.9-415.78c15.99-38.39-25.59-79.97-63.97-63.97z\"><\/path><\/svg>\t\t\t\t\t\t<\/span>\n\t\t\t\t\t\t\t\t\t\t<span class=\"elementor-icon-list-text\">c\/ Eduard Maristany 5-7<br>08912 Badalona<\/span>\n\t\t\t\t\t\t\t\t\t\t\t<\/a>\n\t\t\t\t\t\t\t\t\t<\/li>\n\t\t\t\t\t\t\t\t<li class=\"elementor-icon-list-item\">\n\t\t\t\t\t\t\t\t\t\t\t<a href=\"tel:934646092\">\n\n\t\t\t\t\t\t\t\t\t\t\t\t<span class=\"elementor-icon-list-icon\">\n\t\t\t\t\t\t\t<svg aria-hidden=\"true\" class=\"e-font-icon-svg e-fas-phone-alt\" viewBox=\"0 0 512 512\" xmlns=\"http:\/\/www.w3.org\/2000\/svg\"><path d=\"M497.39 361.8l-112-48a24 24 0 0 0-28 6.9l-49.6 60.6A370.66 370.66 0 0 1 130.6 204.11l60.6-49.6a23.94 23.94 0 0 0 6.9-28l-48-112A24.16 24.16 0 0 0 122.6.61l-104 24A24 24 0 0 0 0 48c0 256.5 207.9 464 464 464a24 24 0 0 0 23.4-18.6l24-104a24.29 24.29 0 0 0-14.01-27.6z\"><\/path><\/svg>\t\t\t\t\t\t<\/span>\n\t\t\t\t\t\t\t\t\t\t<span class=\"elementor-icon-list-text\">93 464 60 92<\/span>\n\t\t\t\t\t\t\t\t\t\t\t<\/a>\n\t\t\t\t\t\t\t\t\t<\/li>\n\t\t\t\t\t\t<\/ul>\n\t\t\t\t\t\t<\/div>\n\t\t\t\t<\/div>\n\t\t\t\t<div class=\"elementor-element elementor-element-d55202d elementor-align-left elementor-widget elementor-widget-button\" data-id=\"d55202d\" data-element_type=\"widget\" data-e-type=\"widget\" data-widget_type=\"button.default\">\n\t\t\t\t<div class=\"elementor-widget-container\">\n\t\t\t\t\t\t\t\t\t<div class=\"elementor-button-wrapper\">\n\t\t\t\t\t<a class=\"elementor-button elementor-button-link elementor-size-sm\" href=\"https:\/\/sotavent.es\/\" target=\"_blank\">\n\t\t\t\t\t\t<span class=\"elementor-button-content-wrapper\">\n\t\t\t\t\t\t\t\t\t<span class=\"elementor-button-text\">Visita nuestra web<\/span>\n\t\t\t\t\t<\/span>\n\t\t\t\t\t<\/a>\n\t\t\t\t<\/div>\n\t\t\t\t\t\t\t\t<\/div>\n\t\t\t\t<\/div>\n\t\t\t\t\t<\/div>\n\t\t<\/div>\n\t\t\t\t\t<\/div>\n\t\t<\/section>\n\t\t\t\t<\/div>\n\t\t","protected":false},"excerpt":{"rendered":"<p>CNBadalona Sotavent Restaurant Abierto al p\u00fablico\u200b Vine a gaudir del millor menjar acompanyat de les millors vistes. Te esperamos en el SOTAVENT del Club Nataci\u00f3 Badalona, un restaurante abierto a todo el p\u00fablico. El SOTEVENT, es un restaurante inaugurado en abril del a\u00f1o 2007, est\u00e1 situado al 1.\u00ba, piso del edificio del Club Nataci\u00f3 Badalona, [&hellip;]<\/p>\n","protected":false},"author":1,"featured_media":0,"parent":0,"menu_order":0,"comment_status":"closed","ping_status":"closed","template":"","meta":{"_eb_attr":"","site-sidebar-layout":"no-sidebar","site-content-layout":"","ast-site-content-layout":"full-width-container","site-content-style":"default","site-sidebar-style":"default","ast-global-header-display":"","ast-banner-title-visibility":"","ast-main-header-display":"","ast-hfb-above-header-display":"","ast-hfb-below-header-display":"","ast-hfb-mobile-header-display":"","site-post-title":"disabled","ast-breadcrumbs-content":"","ast-featured-img":"disabled","footer-sml-layout":"","ast-disable-related-posts":"","theme-transparent-header-meta":"","adv-header-id-meta":"","stick-header-meta":"","header-above-stick-meta":"","header-main-stick-meta":"","header-below-stick-meta":"","astra-migrate-meta-layouts":"default","ast-page-background-enabled":"default","ast-page-background-meta":{"desktop":{"background-color":"var(--ast-global-color-4)","background-image":"","background-repeat":"repeat","background-position":"center center","background-size":"auto","background-attachment":"scroll","background-type":"","background-media":"","overlay-type":"","overlay-color":"","overlay-opacity":"","overlay-gradient":""},"tablet":{"background-color":"","background-image":"","background-repeat":"repeat","background-position":"center center","background-size":"auto","background-attachment":"scroll","background-type":"","background-media":"","overlay-type":"","overlay-color":"","overlay-opacity":"","overlay-gradient":""},"mobile":{"background-color":"","background-image":"","background-repeat":"repeat","background-position":"center center","background-size":"auto","background-attachment":"scroll","background-type":"","background-media":"","overlay-type":"","overlay-color":"","overlay-opacity":"","overlay-gradient":""}},"ast-content-background-meta":{"desktop":{"background-color":"var(--ast-global-color-5)","background-image":"","background-repeat":"repeat","background-position":"center center","background-size":"auto","background-attachment":"scroll","background-type":"","background-media":"","overlay-type":"","overlay-color":"","overlay-opacity":"","overlay-gradient":""},"tablet":{"background-color":"var(--ast-global-color-5)","background-image":"","background-repeat":"repeat","background-position":"center center","background-size":"auto","background-attachment":"scroll","background-type":"","background-media":"","overlay-type":"","overlay-color":"","overlay-opacity":"","overlay-gradient":""},"mobile":{"background-color":"var(--ast-global-color-5)","background-image":"","background-repeat":"repeat","background-position":"center center","background-size":"auto","background-attachment":"scroll","background-type":"","background-media":"","overlay-type":"","overlay-color":"","overlay-opacity":"","overlay-gradient":""}},"footnotes":""},"class_list":["post-26321","page","type-page","status-publish","hentry"],"yoast_head":"<!-- This site is optimized with the Yoast SEO plugin v27.0 - https:\/\/yoast.com\/product\/yoast-seo-wordpress\/ -->\n<title>Restaurante - Club Nataci\u00f3 de Badalona<\/title>\n<meta name=\"robots\" content=\"index, follow, max-snippet:-1, max-image-preview:large, max-video-preview:-1\" \/>\n<link rel=\"canonical\" href=\"https:\/\/cnbadalona.cat\/restaurant\/\" \/>\n<meta property=\"og:locale\" content=\"es_ES\" \/>\n<meta property=\"og:type\" content=\"article\" \/>\n<meta property=\"og:title\" content=\"Restaurante - Club Nataci\u00f3 de Badalona\" \/>\n<meta property=\"og:description\" content=\"CNBadalona Sotavent Restaurant Abierto al p\u00fablico\u200b Vine a gaudir del millor menjar acompanyat de les millors vistes. Te esperamos en el SOTAVENT del Club Nataci\u00f3 Badalona, un restaurante abierto a todo el p\u00fablico. El SOTEVENT, es un restaurante inaugurado en abril del a\u00f1o 2007, est\u00e1 situado al 1.\u00ba, piso del edificio del Club Nataci\u00f3 Badalona, [&hellip;]\" \/>\n<meta property=\"og:url\" content=\"https:\/\/cnbadalona.cat\/restaurant\/\" \/>\n<meta property=\"og:site_name\" content=\"Club Nataci\u00f3 de Badalona\" \/>\n<meta property=\"article:modified_time\" content=\"2026-02-05T10:47:43+00:00\" \/>\n<meta name=\"twitter:card\" content=\"summary_large_image\" \/>\n<meta name=\"twitter:label1\" content=\"Tiempo de lectura\" \/>\n\t<meta name=\"twitter:data1\" content=\"1 minuto\" \/>\n<script type=\"application\/ld+json\" class=\"yoast-schema-graph\">{\"@context\":\"https:\/\/schema.org\",\"@graph\":[{\"@type\":\"WebPage\",\"@id\":\"https:\/\/cnbadalona.cat\/restaurant\/\",\"url\":\"https:\/\/cnbadalona.cat\/restaurant\/\",\"name\":\"Restaurante - Club Nataci\u00f3 de Badalona\",\"isPartOf\":{\"@id\":\"https:\/\/cnbadalona.cat\/#website\"},\"datePublished\":\"2024-04-11T08:11:09+00:00\",\"dateModified\":\"2026-02-05T10:47:43+00:00\",\"breadcrumb\":{\"@id\":\"https:\/\/cnbadalona.cat\/restaurant\/#breadcrumb\"},\"inLanguage\":\"es\",\"potentialAction\":[{\"@type\":\"ReadAction\",\"target\":[\"https:\/\/cnbadalona.cat\/restaurant\/\"]}]},{\"@type\":\"BreadcrumbList\",\"@id\":\"https:\/\/cnbadalona.cat\/restaurant\/#breadcrumb\",\"itemListElement\":[{\"@type\":\"ListItem\",\"position\":1,\"name\":\"Inici\",\"item\":\"https:\/\/cnbadalona.cat\/\"},{\"@type\":\"ListItem\",\"position\":2,\"name\":\"Restaurante\"}]},{\"@type\":\"WebSite\",\"@id\":\"https:\/\/cnbadalona.cat\/#website\",\"url\":\"https:\/\/cnbadalona.cat\/\",\"name\":\"Club Nataci\u00f3 de Badalona\",\"description\":\"\",\"publisher\":{\"@id\":\"https:\/\/cnbadalona.cat\/#organization\"},\"potentialAction\":[{\"@type\":\"SearchAction\",\"target\":{\"@type\":\"EntryPoint\",\"urlTemplate\":\"https:\/\/cnbadalona.cat\/?s={search_term_string}\"},\"query-input\":{\"@type\":\"PropertyValueSpecification\",\"valueRequired\":true,\"valueName\":\"search_term_string\"}}],\"inLanguage\":\"es\"},{\"@type\":\"Organization\",\"@id\":\"https:\/\/cnbadalona.cat\/#organization\",\"name\":\"Club Nataci\u00f3 de Badalona\",\"url\":\"https:\/\/cnbadalona.cat\/\",\"logo\":{\"@type\":\"ImageObject\",\"inLanguage\":\"es\",\"@id\":\"https:\/\/cnbadalona.cat\/#\/schema\/logo\/image\/\",\"url\":\"https:\/\/cnbadalona.cat\/wp-content\/uploads\/2023\/11\/cropped-Logo-CNB.png\",\"contentUrl\":\"https:\/\/cnbadalona.cat\/wp-content\/uploads\/2023\/11\/cropped-Logo-CNB.png\",\"width\":500,\"height\":167,\"caption\":\"Club Nataci\u00f3 de Badalona\"},\"image\":{\"@id\":\"https:\/\/cnbadalona.cat\/#\/schema\/logo\/image\/\"}}]}<\/script>\n<!-- \/ Yoast SEO plugin. -->","yoast_head_json":{"title":"Restaurante - Club Nataci\u00f3 de Badalona","robots":{"index":"index","follow":"follow","max-snippet":"max-snippet:-1","max-image-preview":"max-image-preview:large","max-video-preview":"max-video-preview:-1"},"canonical":"https:\/\/cnbadalona.cat\/restaurant\/","og_locale":"es_ES","og_type":"article","og_title":"Restaurante - Club Nataci\u00f3 de Badalona","og_description":"CNBadalona Sotavent Restaurant Abierto al p\u00fablico\u200b Vine a gaudir del millor menjar acompanyat de les millors vistes. Te esperamos en el SOTAVENT del Club Nataci\u00f3 Badalona, un restaurante abierto a todo el p\u00fablico. El SOTEVENT, es un restaurante inaugurado en abril del a\u00f1o 2007, est\u00e1 situado al 1.\u00ba, piso del edificio del Club Nataci\u00f3 Badalona, [&hellip;]","og_url":"https:\/\/cnbadalona.cat\/restaurant\/","og_site_name":"Club Nataci\u00f3 de Badalona","article_modified_time":"2026-02-05T10:47:43+00:00","twitter_card":"summary_large_image","twitter_misc":{"Tiempo de lectura":"1 minuto"},"schema":{"@context":"https:\/\/schema.org","@graph":[{"@type":"WebPage","@id":"https:\/\/cnbadalona.cat\/restaurant\/","url":"https:\/\/cnbadalona.cat\/restaurant\/","name":"Restaurante - Club Nataci\u00f3 de Badalona","isPartOf":{"@id":"https:\/\/cnbadalona.cat\/#website"},"datePublished":"2024-04-11T08:11:09+00:00","dateModified":"2026-02-05T10:47:43+00:00","breadcrumb":{"@id":"https:\/\/cnbadalona.cat\/restaurant\/#breadcrumb"},"inLanguage":"es","potentialAction":[{"@type":"ReadAction","target":["https:\/\/cnbadalona.cat\/restaurant\/"]}]},{"@type":"BreadcrumbList","@id":"https:\/\/cnbadalona.cat\/restaurant\/#breadcrumb","itemListElement":[{"@type":"ListItem","position":1,"name":"Inici","item":"https:\/\/cnbadalona.cat\/"},{"@type":"ListItem","position":2,"name":"Restaurante"}]},{"@type":"WebSite","@id":"https:\/\/cnbadalona.cat\/#website","url":"https:\/\/cnbadalona.cat\/","name":"Club Nataci\u00f3 de Badalona","description":"","publisher":{"@id":"https:\/\/cnbadalona.cat\/#organization"},"potentialAction":[{"@type":"SearchAction","target":{"@type":"EntryPoint","urlTemplate":"https:\/\/cnbadalona.cat\/?s={search_term_string}"},"query-input":{"@type":"PropertyValueSpecification","valueRequired":true,"valueName":"search_term_string"}}],"inLanguage":"es"},{"@type":"Organization","@id":"https:\/\/cnbadalona.cat\/#organization","name":"Club Nataci\u00f3 de Badalona","url":"https:\/\/cnbadalona.cat\/","logo":{"@type":"ImageObject","inLanguage":"es","@id":"https:\/\/cnbadalona.cat\/#\/schema\/logo\/image\/","url":"https:\/\/cnbadalona.cat\/wp-content\/uploads\/2023\/11\/cropped-Logo-CNB.png","contentUrl":"https:\/\/cnbadalona.cat\/wp-content\/uploads\/2023\/11\/cropped-Logo-CNB.png","width":500,"height":167,"caption":"Club Nataci\u00f3 de Badalona"},"image":{"@id":"https:\/\/cnbadalona.cat\/#\/schema\/logo\/image\/"}}]}},"_links":{"self":[{"href":"https:\/\/cnbadalona.cat\/es\/wp-json\/wp\/v2\/pages\/26321","targetHints":{"allow":["GET"]}}],"collection":[{"href":"https:\/\/cnbadalona.cat\/es\/wp-json\/wp\/v2\/pages"}],"about":[{"href":"https:\/\/cnbadalona.cat\/es\/wp-json\/wp\/v2\/types\/page"}],"author":[{"embeddable":true,"href":"https:\/\/cnbadalona.cat\/es\/wp-json\/wp\/v2\/users\/1"}],"replies":[{"embeddable":true,"href":"https:\/\/cnbadalona.cat\/es\/wp-json\/wp\/v2\/comments?post=26321"}],"version-history":[{"count":6,"href":"https:\/\/cnbadalona.cat\/es\/wp-json\/wp\/v2\/pages\/26321\/revisions"}],"predecessor-version":[{"id":28127,"href":"https:\/\/cnbadalona.cat\/es\/wp-json\/wp\/v2\/pages\/26321\/revisions\/28127"}],"wp:attachment":[{"href":"https:\/\/cnbadalona.cat\/es\/wp-json\/wp\/v2\/media?parent=26321"}],"curies":[{"name":"wp","href":"https:\/\/api.w.org\/{rel}","templated":true}]}}