{"id":24232,"date":"2024-04-09T13:14:52","date_gmt":"2024-04-09T11:14:52","guid":{"rendered":"https:\/\/cnbadalona.cat\/politica-de-privacitat\/"},"modified":"2024-04-16T10:34:15","modified_gmt":"2024-04-16T08:34:15","slug":"politica-de-privacitat","status":"publish","type":"page","link":"https:\/\/cnbadalona.cat\/es\/politica-de-privacitat\/","title":{"rendered":"Pol\u00edtica de Privacidad"},"content":{"rendered":"\t\t<div data-elementor-type=\"wp-page\" data-elementor-id=\"24232\" class=\"elementor elementor-24232 elementor-18603\" data-elementor-post-type=\"page\">\n\t\t\t\t\t\t<section data-particle_enable=\"false\" data-particle-mobile-disabled=\"false\" class=\"elementor-section elementor-top-section elementor-element elementor-element-c568a59 elementor-section-height-min-height elementor-section-items-stretch elementor-section-boxed elementor-section-height-default\" data-id=\"c568a59\" data-element_type=\"section\" data-e-type=\"section\" data-settings=\"{&quot;background_background&quot;:&quot;classic&quot;}\">\n\t\t\t\t\t\t<div class=\"elementor-container elementor-column-gap-default\">\n\t\t\t\t\t<div class=\"elementor-column elementor-col-100 elementor-top-column elementor-element elementor-element-5d58b8b\" data-id=\"5d58b8b\" data-element_type=\"column\" data-e-type=\"column\">\n\t\t\t<div class=\"elementor-widget-wrap elementor-element-populated\">\n\t\t\t\t\t\t<div class=\"elementor-element elementor-element-f19dded elementor-widget elementor-widget-text-editor\" data-id=\"f19dded\" data-element_type=\"widget\" data-e-type=\"widget\" data-widget_type=\"text-editor.default\">\n\t\t\t\t<div class=\"elementor-widget-container\">\n\t\t\t\t\t\t\t\t\t<b>CN<\/b>Badalona\t\t\t\t\t\t\t\t<\/div>\n\t\t\t\t<\/div>\n\t\t\t\t<div class=\"elementor-element elementor-element-524243f elementor-widget elementor-widget-heading\" data-id=\"524243f\" data-element_type=\"widget\" data-e-type=\"widget\" data-widget_type=\"heading.default\">\n\t\t\t\t<div class=\"elementor-widget-container\">\n\t\t\t\t\t<h1 class=\"elementor-heading-title elementor-size-default\">Pol\u00edtica de Privacitat<\/h1>\t\t\t\t<\/div>\n\t\t\t\t<\/div>\n\t\t\t\t\t<\/div>\n\t\t<\/div>\n\t\t\t\t\t<\/div>\n\t\t<\/section>\n\t\t\t\t<section data-particle_enable=\"false\" data-particle-mobile-disabled=\"false\" class=\"elementor-section elementor-top-section elementor-element elementor-element-38ed144 elementor-section-full_width elementor-section-stretched elementor-section-content-middle elementor-section-height-default elementor-section-height-default\" data-id=\"38ed144\" data-element_type=\"section\" data-e-type=\"section\" data-settings=\"{&quot;stretch_section&quot;:&quot;section-stretched&quot;}\">\n\t\t\t\t\t\t<div class=\"elementor-container elementor-column-gap-default\">\n\t\t\t\t\t<div class=\"elementor-column elementor-col-100 elementor-top-column elementor-element elementor-element-93f5a5c\" data-id=\"93f5a5c\" data-element_type=\"column\" data-e-type=\"column\" data-settings=\"{&quot;background_background&quot;:&quot;classic&quot;}\">\n\t\t\t<div class=\"elementor-widget-wrap elementor-element-populated\">\n\t\t\t\t\t<div class=\"elementor-background-overlay\"><\/div>\n\t\t\t\t\t\t<div class=\"elementor-element elementor-element-2499491 elementor-widget elementor-widget-image\" data-id=\"2499491\" data-element_type=\"widget\" data-e-type=\"widget\" data-widget_type=\"image.default\">\n\t\t\t\t<div class=\"elementor-widget-container\">\n\t\t\t\t\t\t\t\t\t\t\t\t\t\t\t<img fetchpriority=\"high\" decoding=\"async\" width=\"1080\" height=\"240\" src=\"https:\/\/cnbadalona.cat\/wp-content\/uploads\/2024\/04\/cnb-grafic-onada-1.png\" class=\"attachment-full size-full wp-image-24108\" alt=\"\" srcset=\"https:\/\/cnbadalona.cat\/wp-content\/uploads\/2024\/04\/cnb-grafic-onada-1.png 1080w, https:\/\/cnbadalona.cat\/wp-content\/uploads\/2024\/04\/cnb-grafic-onada-1-300x67.png 300w, https:\/\/cnbadalona.cat\/wp-content\/uploads\/2024\/04\/cnb-grafic-onada-1-1024x228.png 1024w, https:\/\/cnbadalona.cat\/wp-content\/uploads\/2024\/04\/cnb-grafic-onada-1-768x171.png 768w\" sizes=\"(max-width: 1080px) 100vw, 1080px\" \/>\t\t\t\t\t\t\t\t\t\t\t\t\t\t\t<\/div>\n\t\t\t\t<\/div>\n\t\t\t\t<section data-particle_enable=\"false\" data-particle-mobile-disabled=\"false\" class=\"elementor-section elementor-inner-section elementor-element elementor-element-d0016ec elementor-section-boxed elementor-section-height-default elementor-section-height-default\" data-id=\"d0016ec\" data-element_type=\"section\" data-e-type=\"section\">\n\t\t\t\t\t\t<div class=\"elementor-container elementor-column-gap-default\">\n\t\t\t\t\t<div class=\"elementor-column elementor-col-100 elementor-inner-column elementor-element elementor-element-be2aae9\" data-id=\"be2aae9\" data-element_type=\"column\" data-e-type=\"column\">\n\t\t\t<div class=\"elementor-widget-wrap elementor-element-populated\">\n\t\t\t\t\t\t<div class=\"elementor-element elementor-element-4623505 elementor-widget elementor-widget-text-editor\" data-id=\"4623505\" data-element_type=\"widget\" data-e-type=\"widget\" data-widget_type=\"text-editor.default\">\n\t\t\t\t<div class=\"elementor-widget-container\">\n\t\t\t\t\t\t\t\t\t<p>Aquesta Pol\u00edtica de Privacitat t\u00e9 per objecte informar l\u2019usuari (d\u2019ara endavant, el \u201cUsuari\u201d) de la p\u00e0gina web CLUB NATACI\u00d3 BADALONA (d\u2019ara endavant, el \u201cLloc web\u201d) sobre la recollida i tractament de les seves dades personals.<\/p><p><b>Quina \u00e9s l\u2019empresa responsable del tractament de les seves dades?<\/b><\/p><p>L\u2019empresa responsable del tractament de les seves dades \u00e9s CLUB NATACI\u00d3 BADALONA (d\u2019ara endavant, el \u201cTITULAR\u201d), amb CIF G08516262 i domicili social en Carrer Eduard Maristany, 5-7, 08912 Badalona.<\/p><p>Per a qualsevol q\u00fcesti\u00f3 relacionada amb la present Pol\u00edtica de Privacitat i Protecci\u00f3 de Dades, l\u2019Usuari podr\u00e0 contactar amb RESPONSABLE en el correu electr\u00f2nic <a href=\"mailto:info@cnbadalona.cat\"><span data-sheets-root=\"1\" data-sheets-value=\"{&quot;1&quot;:2,&quot;2&quot;:&quot;info@cnbadalona.cat&quot;}\" data-sheets-userformat=\"{&quot;2&quot;:513,&quot;3&quot;:{&quot;1&quot;:0},&quot;12&quot;:0}\">info@cnbadalona.cat<\/span><\/a>.<\/p><p><b>Per qu\u00e8 el RESPONSABLE est\u00e0 legitimat per a dur a terme el tractament de dades<\/b><\/p><p>El RESPONSABLE procesa los datos personales del Usuario con el fin de poder llevar a cabo la prestaci\u00f3n de los servicios que este haya solicitado a trav\u00e9s del Sitio Web, para lo cual el Usuario presta su consentimiento mediante la aceptaci\u00f3n de la presente Pol\u00edtica de Privacidad y las casillas facilitadas correspondientes.<\/p><p>El RESPONSABLE es pren molt de deb\u00f2 la protecci\u00f3 de la seva privacitat i de les seves dades personals. Per tant, la seva informaci\u00f3 personal es conserva de manera segura i es tracta amb la m\u00e0xima cura, complint \u00edntegrament amb el que es disposa en el Reglament (UE) 2016\/679 del Parlament Europeu i del Consell, de 27 d\u2019abril de 2016, relatiu a la protecci\u00f3 de les persones f\u00edsiques pel que fa al tractament de dades personals i a la lliure circulaci\u00f3 d\u2019aquestes dades (d\u2019ara endavant, \u201cRGPD\u201d).<\/p><p><b>Quines s\u00f3n les finalitats del tractament de les seves dades de car\u00e0cter personal?<\/b><\/p><p>La present Pol\u00edtica de Privacitat regula l\u2019acc\u00e9s i l\u2019\u00fas als serveis (d\u2019ara endavant, els \u201cServeis\u201d) que el RESPONSABLE posa a la disposici\u00f3 dels Usuaris interessats en els serveis i als continguts allotjats en el Lloc web.<\/p><p>De conformitat amb el que s\u2019estableix en el RGPD, l\u2019informem que les seves dades personals seran tractats amb les finalitats que es relacionen a continuaci\u00f3: Prestar els serveis sol\u00b7licitats per l\u2019Usuari en el Lloc web.<\/p><p>Enviar Newsletters i comunicacions comercials i promocionals relacionades amb els serveis del RESPONSABLE, per correu electr\u00f2nic, SMS\/MMS, per carta, tel\u00e8fon, o per altres mitjans de comunicaci\u00f3 electr\u00f2nica equivalents, si aix\u00ed ho desitja l\u2019Usuari.<\/p><p>No obstant aix\u00f2, l\u2019Usuari podr\u00e0 revocar el consentiment en cada comunicat comercial que se li faci arribar i, en qualsevol moment, mitjan\u00e7ant notificaci\u00f3 en la seg\u00fcent adre\u00e7a de correu electr\u00f2nic (<a href=\"mailto:info@cnbadalona.cat\"><span data-sheets-root=\"1\" data-sheets-value=\"{&quot;1&quot;:2,&quot;2&quot;:&quot;info@cnbadalona.cat&quot;}\" data-sheets-userformat=\"{&quot;2&quot;:513,&quot;3&quot;:{&quot;1&quot;:0},&quot;12&quot;:0}\">info@cnbadalona.cat<\/span><\/a>).<\/p><p><b>Conservaci\u00f3 de les dades<\/b><\/p><p>Les dades recaptades pel RESPONSABLE es conservaran mentre es mantingui la relaci\u00f3 contractual de prestaci\u00f3 de serveis entre les parts, sempre que no se sol\u00b7liciti la supressi\u00f3 d\u2019aquestes dades per l\u2019Usuari.<\/p><p>S\u2019informa l\u2019Usuari que les seves dades seran recollides \u00fanicament per als fins exposats en els par\u00e0grafs anteriors i no seran tractats de manera incompatible amb aquests fins.<\/p><p><b>Veracitat de les dades facilitades pels Usuaris<\/b><\/p><p>L\u2019Usuari garanteix que les dades personals facilitades s\u00f3n veraces i es fa responsable de comunicar al RESPONSABLE qualsevol modificaci\u00f3 d\u2019aquests.<br \/>L\u2019Usuari respondr\u00e0, en qualsevol cas, de la veracitat de les dades facilitades, reservant-se el RESPONSABLE el dret a excloure dels serveis registrats a tots els Usuaris que hagin facilitat dades falses, sense perjudici de les altres accions que procedeixin en Dret.<\/p><p>Es recomana tenir la m\u00e0xima dilig\u00e8ncia en mat\u00e8ria de Protecci\u00f3 de Dades mitjan\u00e7ant la utilitzaci\u00f3 d\u2019eines de seguretat, no podent-se responsabilitzar al RESPONSABLE de sostraccions, modificacions o p\u00e8rdues de dades il\u00b7l\u00edcites.<\/p><p>Qualsevol modificaci\u00f3 o actualitzaci\u00f3 d\u2019aquests, haur\u00e0 de ser comunicada al RESPONSABLE a trav\u00e9s dels mitjans de comunicaci\u00f3 disponibles en la present Pol\u00edtica de Privacitat.<\/p><p><b>Com revoco el meu consentiment i exercito els meus drets?<\/b><\/p><p>L\u2019Usuari tenen dret a (i) accedir a les seves dades personals, aix\u00ed com a (ii) sol\u00b7licitar la rectificaci\u00f3 de les dades inexactes o, en el seu cas, (iii) sol\u00b7licitar la seva supressi\u00f3, (iv) sol\u00b7licitar la limitaci\u00f3 del tractament de les seves dades, (v) oposar-se al tractament de les seves dades (vaig veure) exercitar el dret a l\u2019oblit de les seves dades i (vii) sol\u00b7licitar la seva portabilitat.<br \/>A m\u00e9s, tindr\u00e0 dret a no ser objecte de decisions basades \u00fanicament en tractaments automatitzats.<\/p><p>Per a exercir aquests drets \u00e9s necessari que l\u2019Usuari acrediti la seva personalitat enfront del RESPONSABLE mitjan\u00e7ant l\u2019enviament d\u2019una fotoc\u00f2pia del seu Document Nacional d\u2019Identitat o qualsevol altre mitj\u00e0 v\u00e0lid en Dret.<\/p><p>Els Usuaris poden exercir tots aquests drets a trav\u00e9s dels mitjans de comunicaci\u00f3 facilitats en la present Pol\u00edtica de Privacitat.<\/p><p>Sense perjudici de qualsevol altre recurs administratiu o acci\u00f3 judicial, els Usuaris tindran dret a presentar una reclamaci\u00f3 davant una Autoritat de Control, en particular en l\u2019Estat membre en el qual tingui la seva resid\u00e8ncia habitual, lloc de treball o lloc de la suposada infracci\u00f3, en cas que consideri que el tractament de les seves dades personals no \u00e9s adequat a la normativa, aix\u00ed com en el cas de no veure satisfet l\u2019exercici dels seus dret L\u2019Autoritat de Control davant la qual s\u2019hagi presentat la reclamaci\u00f3 informar\u00e0 el reclamant sobre el curs i el resultat de la reclamaci\u00f3.<\/p><p><b>Seguretat i conservaci\u00f3 de les dades.<\/b><\/p><p>La protecci\u00f3 de la privacitat i les dades personals dels seus clients i visitants \u00e9s molt important per al RESPONSABLE. Per tant, el RESPONSABLE fa tot el que \u00e9s a la seva m\u00e0 per a impedir que les seves dades s\u2019utilitzin de manera inadequada. A les seves dades nom\u00e9s pot accedir el personal autoritzat.<\/p><p>El RESPONSABLE mant\u00e9 la seguretat adequada de protecci\u00f3 de dades personals conforme a la normativa aplicable i ha establert tots els mitjans t\u00e8cnics al seu abast per a evitar la p\u00e8rdua, mal \u00fas, alteraci\u00f3, acc\u00e9s no autoritzat i robatori de les dades que els Usuaris facilitin a trav\u00e9s del Lloc web, sense perjudici d\u2019informar lo que les mesures de seguretat en Internet no s\u00f3n inexpugnables.<\/p><p>El RESPONSABLE es compromet a complir amb el deure de secret i confidencialitat respecte de les dades personals d\u2019acord amb la legislaci\u00f3 aplicable.<\/p><p>Les dades personals proporcionades es conservaran per part del RESPONSABLE durant el temps necessari per a prestar el servei.<\/p><p><b>Enlla\u00e7os<\/b><\/p><p>Aquest Lloc web pot contenir enlla\u00e7os a altres llocs web. Tingui en compte que no som responsables del tractament de dades que puguin realitzar els titulars d\u2019altres llocs web. La present Pol\u00edtica de Privacitat s\u2019aplica exclusivament a la informaci\u00f3 que recopilem en aquest Lloc web. Li recomanem que llegeixi les pol\u00edtiques de privacitat d\u2019altres llocs web amb els quals enlla\u00e7 des del nostre Lloc web o que visiti de qualsevol altra manera.<\/p><p><b>Actualitzacions i canvis en la Pol\u00edtica de Privacitat<\/b><\/p><p>El RESPONSABLE es reserva el dret d\u2019introduir modificacions en aquesta Pol\u00edtica de Privacitat. Quan es produeixin aquests canvis, se\u2019ls comunicar\u00e0 als Usuaris mitjan\u00e7ant avisos al lloc web, o b\u00e9 a trav\u00e9s de qualsevol altre procediment adequat segons les circumst\u00e0ncies.<\/p>\t\t\t\t\t\t\t\t<\/div>\n\t\t\t\t<\/div>\n\t\t\t\t\t<\/div>\n\t\t<\/div>\n\t\t\t\t\t<\/div>\n\t\t<\/section>\n\t\t\t\t\t<\/div>\n\t\t<\/div>\n\t\t\t\t\t<\/div>\n\t\t<\/section>\n\t\t\t\t<\/div>\n\t\t","protected":false},"excerpt":{"rendered":"<p>CNBadalona Pol\u00edtica de Privacitat Aquesta Pol\u00edtica de Privacitat t\u00e9 per objecte informar l\u2019usuari (d\u2019ara endavant, el \u201cUsuari\u201d) de la p\u00e0gina web CLUB NATACI\u00d3 BADALONA (d\u2019ara endavant, el \u201cLloc web\u201d) sobre la recollida i tractament de les seves dades personals. Quina \u00e9s l\u2019empresa responsable del tractament de les seves dades? L\u2019empresa responsable del tractament de les [&hellip;]<\/p>\n","protected":false},"author":1,"featured_media":0,"parent":0,"menu_order":0,"comment_status":"closed","ping_status":"closed","template":"","meta":{"_eb_attr":"","site-sidebar-layout":"no-sidebar","site-content-layout":"","ast-site-content-layout":"full-width-container","site-content-style":"default","site-sidebar-style":"default","ast-global-header-display":"","ast-banner-title-visibility":"","ast-main-header-display":"","ast-hfb-above-header-display":"","ast-hfb-below-header-display":"","ast-hfb-mobile-header-display":"","site-post-title":"disabled","ast-breadcrumbs-content":"","ast-featured-img":"disabled","footer-sml-layout":"","ast-disable-related-posts":"","theme-transparent-header-meta":"","adv-header-id-meta":"","stick-header-meta":"","header-above-stick-meta":"","header-main-stick-meta":"","header-below-stick-meta":"","astra-migrate-meta-layouts":"default","ast-page-background-enabled":"default","ast-page-background-meta":{"desktop":{"background-color":"var(--ast-global-color-4)","background-image":"","background-repeat":"repeat","background-position":"center center","background-size":"auto","background-attachment":"scroll","background-type":"","background-media":"","overlay-type":"","overlay-color":"","overlay-opacity":"","overlay-gradient":""},"tablet":{"background-color":"","background-image":"","background-repeat":"repeat","background-position":"center center","background-size":"auto","background-attachment":"scroll","background-type":"","background-media":"","overlay-type":"","overlay-color":"","overlay-opacity":"","overlay-gradient":""},"mobile":{"background-color":"","background-image":"","background-repeat":"repeat","background-position":"center center","background-size":"auto","background-attachment":"scroll","background-type":"","background-media":"","overlay-type":"","overlay-color":"","overlay-opacity":"","overlay-gradient":""}},"ast-content-background-meta":{"desktop":{"background-color":"var(--ast-global-color-5)","background-image":"","background-repeat":"repeat","background-position":"center center","background-size":"auto","background-attachment":"scroll","background-type":"","background-media":"","overlay-type":"","overlay-color":"","overlay-opacity":"","overlay-gradient":""},"tablet":{"background-color":"var(--ast-global-color-5)","background-image":"","background-repeat":"repeat","background-position":"center center","background-size":"auto","background-attachment":"scroll","background-type":"","background-media":"","overlay-type":"","overlay-color":"","overlay-opacity":"","overlay-gradient":""},"mobile":{"background-color":"var(--ast-global-color-5)","background-image":"","background-repeat":"repeat","background-position":"center center","background-size":"auto","background-attachment":"scroll","background-type":"","background-media":"","overlay-type":"","overlay-color":"","overlay-opacity":"","overlay-gradient":""}},"footnotes":""},"class_list":["post-24232","page","type-page","status-publish","hentry"],"yoast_head":"<!-- This site is optimized with the Yoast SEO plugin v27.0 - https:\/\/yoast.com\/product\/yoast-seo-wordpress\/ -->\n<title>Pol\u00edtica de Privacidad - Club Nataci\u00f3 de Badalona<\/title>\n<meta name=\"robots\" content=\"index, follow, max-snippet:-1, max-image-preview:large, max-video-preview:-1\" \/>\n<link rel=\"canonical\" href=\"https:\/\/cnbadalona.cat\/es\/politica-de-privacitat\/\" \/>\n<meta property=\"og:locale\" content=\"es_ES\" \/>\n<meta property=\"og:type\" content=\"article\" \/>\n<meta property=\"og:title\" content=\"Pol\u00edtica de Privacidad - Club Nataci\u00f3 de Badalona\" \/>\n<meta property=\"og:description\" content=\"CNBadalona Pol\u00edtica de Privacitat Aquesta Pol\u00edtica de Privacitat t\u00e9 per objecte informar l\u2019usuari (d\u2019ara endavant, el \u201cUsuari\u201d) de la p\u00e0gina web CLUB NATACI\u00d3 BADALONA (d\u2019ara endavant, el \u201cLloc web\u201d) sobre la recollida i tractament de les seves dades personals. Quina \u00e9s l\u2019empresa responsable del tractament de les seves dades? L\u2019empresa responsable del tractament de les [&hellip;]\" \/>\n<meta property=\"og:url\" content=\"https:\/\/cnbadalona.cat\/es\/politica-de-privacitat\/\" \/>\n<meta property=\"og:site_name\" content=\"Club Nataci\u00f3 de Badalona\" \/>\n<meta property=\"article:modified_time\" content=\"2024-04-16T08:34:15+00:00\" \/>\n<meta property=\"og:image\" content=\"https:\/\/cnbadalona.cat\/wp-content\/uploads\/2024\/04\/cnb-grafic-onada-1.png\" \/>\n\t<meta property=\"og:image:width\" content=\"1080\" \/>\n\t<meta property=\"og:image:height\" content=\"240\" \/>\n\t<meta property=\"og:image:type\" content=\"image\/png\" \/>\n<meta name=\"twitter:card\" content=\"summary_large_image\" \/>\n<meta name=\"twitter:label1\" content=\"Tiempo de lectura\" \/>\n\t<meta name=\"twitter:data1\" content=\"6 minutos\" \/>\n<script type=\"application\/ld+json\" class=\"yoast-schema-graph\">{\"@context\":\"https:\/\/schema.org\",\"@graph\":[{\"@type\":\"WebPage\",\"@id\":\"https:\/\/cnbadalona.cat\/es\/politica-de-privacitat\/\",\"url\":\"https:\/\/cnbadalona.cat\/es\/politica-de-privacitat\/\",\"name\":\"Pol\u00edtica de Privacidad - Club Nataci\u00f3 de Badalona\",\"isPartOf\":{\"@id\":\"https:\/\/cnbadalona.cat\/#website\"},\"primaryImageOfPage\":{\"@id\":\"https:\/\/cnbadalona.cat\/es\/politica-de-privacitat\/#primaryimage\"},\"image\":{\"@id\":\"https:\/\/cnbadalona.cat\/es\/politica-de-privacitat\/#primaryimage\"},\"thumbnailUrl\":\"https:\/\/cnbadalona.cat\/wp-content\/uploads\/2024\/04\/cnb-grafic-onada-1.png\",\"datePublished\":\"2024-04-09T11:14:52+00:00\",\"dateModified\":\"2024-04-16T08:34:15+00:00\",\"breadcrumb\":{\"@id\":\"https:\/\/cnbadalona.cat\/es\/politica-de-privacitat\/#breadcrumb\"},\"inLanguage\":\"es\",\"potentialAction\":[{\"@type\":\"ReadAction\",\"target\":[\"https:\/\/cnbadalona.cat\/es\/politica-de-privacitat\/\"]}]},{\"@type\":\"ImageObject\",\"inLanguage\":\"es\",\"@id\":\"https:\/\/cnbadalona.cat\/es\/politica-de-privacitat\/#primaryimage\",\"url\":\"https:\/\/cnbadalona.cat\/wp-content\/uploads\/2024\/04\/cnb-grafic-onada-1.png\",\"contentUrl\":\"https:\/\/cnbadalona.cat\/wp-content\/uploads\/2024\/04\/cnb-grafic-onada-1.png\"},{\"@type\":\"BreadcrumbList\",\"@id\":\"https:\/\/cnbadalona.cat\/es\/politica-de-privacitat\/#breadcrumb\",\"itemListElement\":[{\"@type\":\"ListItem\",\"position\":1,\"name\":\"Inici\",\"item\":\"https:\/\/cnbadalona.cat\/\"},{\"@type\":\"ListItem\",\"position\":2,\"name\":\"Pol\u00edtica de Privacidad\"}]},{\"@type\":\"WebSite\",\"@id\":\"https:\/\/cnbadalona.cat\/#website\",\"url\":\"https:\/\/cnbadalona.cat\/\",\"name\":\"Club Nataci\u00f3 de Badalona\",\"description\":\"\",\"publisher\":{\"@id\":\"https:\/\/cnbadalona.cat\/#organization\"},\"potentialAction\":[{\"@type\":\"SearchAction\",\"target\":{\"@type\":\"EntryPoint\",\"urlTemplate\":\"https:\/\/cnbadalona.cat\/?s={search_term_string}\"},\"query-input\":{\"@type\":\"PropertyValueSpecification\",\"valueRequired\":true,\"valueName\":\"search_term_string\"}}],\"inLanguage\":\"es\"},{\"@type\":\"Organization\",\"@id\":\"https:\/\/cnbadalona.cat\/#organization\",\"name\":\"Club Nataci\u00f3 de Badalona\",\"url\":\"https:\/\/cnbadalona.cat\/\",\"logo\":{\"@type\":\"ImageObject\",\"inLanguage\":\"es\",\"@id\":\"https:\/\/cnbadalona.cat\/#\/schema\/logo\/image\/\",\"url\":\"https:\/\/cnbadalona.cat\/wp-content\/uploads\/2023\/11\/cropped-Logo-CNB.png\",\"contentUrl\":\"https:\/\/cnbadalona.cat\/wp-content\/uploads\/2023\/11\/cropped-Logo-CNB.png\",\"width\":500,\"height\":167,\"caption\":\"Club Nataci\u00f3 de Badalona\"},\"image\":{\"@id\":\"https:\/\/cnbadalona.cat\/#\/schema\/logo\/image\/\"}}]}<\/script>\n<!-- \/ Yoast SEO plugin. -->","yoast_head_json":{"title":"Pol\u00edtica de Privacidad - Club Nataci\u00f3 de Badalona","robots":{"index":"index","follow":"follow","max-snippet":"max-snippet:-1","max-image-preview":"max-image-preview:large","max-video-preview":"max-video-preview:-1"},"canonical":"https:\/\/cnbadalona.cat\/es\/politica-de-privacitat\/","og_locale":"es_ES","og_type":"article","og_title":"Pol\u00edtica de Privacidad - Club Nataci\u00f3 de Badalona","og_description":"CNBadalona Pol\u00edtica de Privacitat Aquesta Pol\u00edtica de Privacitat t\u00e9 per objecte informar l\u2019usuari (d\u2019ara endavant, el \u201cUsuari\u201d) de la p\u00e0gina web CLUB NATACI\u00d3 BADALONA (d\u2019ara endavant, el \u201cLloc web\u201d) sobre la recollida i tractament de les seves dades personals. Quina \u00e9s l\u2019empresa responsable del tractament de les seves dades? L\u2019empresa responsable del tractament de les [&hellip;]","og_url":"https:\/\/cnbadalona.cat\/es\/politica-de-privacitat\/","og_site_name":"Club Nataci\u00f3 de Badalona","article_modified_time":"2024-04-16T08:34:15+00:00","og_image":[{"width":1080,"height":240,"url":"https:\/\/cnbadalona.cat\/wp-content\/uploads\/2024\/04\/cnb-grafic-onada-1.png","type":"image\/png"}],"twitter_card":"summary_large_image","twitter_misc":{"Tiempo de lectura":"6 minutos"},"schema":{"@context":"https:\/\/schema.org","@graph":[{"@type":"WebPage","@id":"https:\/\/cnbadalona.cat\/es\/politica-de-privacitat\/","url":"https:\/\/cnbadalona.cat\/es\/politica-de-privacitat\/","name":"Pol\u00edtica de Privacidad - Club Nataci\u00f3 de Badalona","isPartOf":{"@id":"https:\/\/cnbadalona.cat\/#website"},"primaryImageOfPage":{"@id":"https:\/\/cnbadalona.cat\/es\/politica-de-privacitat\/#primaryimage"},"image":{"@id":"https:\/\/cnbadalona.cat\/es\/politica-de-privacitat\/#primaryimage"},"thumbnailUrl":"https:\/\/cnbadalona.cat\/wp-content\/uploads\/2024\/04\/cnb-grafic-onada-1.png","datePublished":"2024-04-09T11:14:52+00:00","dateModified":"2024-04-16T08:34:15+00:00","breadcrumb":{"@id":"https:\/\/cnbadalona.cat\/es\/politica-de-privacitat\/#breadcrumb"},"inLanguage":"es","potentialAction":[{"@type":"ReadAction","target":["https:\/\/cnbadalona.cat\/es\/politica-de-privacitat\/"]}]},{"@type":"ImageObject","inLanguage":"es","@id":"https:\/\/cnbadalona.cat\/es\/politica-de-privacitat\/#primaryimage","url":"https:\/\/cnbadalona.cat\/wp-content\/uploads\/2024\/04\/cnb-grafic-onada-1.png","contentUrl":"https:\/\/cnbadalona.cat\/wp-content\/uploads\/2024\/04\/cnb-grafic-onada-1.png"},{"@type":"BreadcrumbList","@id":"https:\/\/cnbadalona.cat\/es\/politica-de-privacitat\/#breadcrumb","itemListElement":[{"@type":"ListItem","position":1,"name":"Inici","item":"https:\/\/cnbadalona.cat\/"},{"@type":"ListItem","position":2,"name":"Pol\u00edtica de Privacidad"}]},{"@type":"WebSite","@id":"https:\/\/cnbadalona.cat\/#website","url":"https:\/\/cnbadalona.cat\/","name":"Club Nataci\u00f3 de Badalona","description":"","publisher":{"@id":"https:\/\/cnbadalona.cat\/#organization"},"potentialAction":[{"@type":"SearchAction","target":{"@type":"EntryPoint","urlTemplate":"https:\/\/cnbadalona.cat\/?s={search_term_string}"},"query-input":{"@type":"PropertyValueSpecification","valueRequired":true,"valueName":"search_term_string"}}],"inLanguage":"es"},{"@type":"Organization","@id":"https:\/\/cnbadalona.cat\/#organization","name":"Club Nataci\u00f3 de Badalona","url":"https:\/\/cnbadalona.cat\/","logo":{"@type":"ImageObject","inLanguage":"es","@id":"https:\/\/cnbadalona.cat\/#\/schema\/logo\/image\/","url":"https:\/\/cnbadalona.cat\/wp-content\/uploads\/2023\/11\/cropped-Logo-CNB.png","contentUrl":"https:\/\/cnbadalona.cat\/wp-content\/uploads\/2023\/11\/cropped-Logo-CNB.png","width":500,"height":167,"caption":"Club Nataci\u00f3 de Badalona"},"image":{"@id":"https:\/\/cnbadalona.cat\/#\/schema\/logo\/image\/"}}]}},"_links":{"self":[{"href":"https:\/\/cnbadalona.cat\/es\/wp-json\/wp\/v2\/pages\/24232","targetHints":{"allow":["GET"]}}],"collection":[{"href":"https:\/\/cnbadalona.cat\/es\/wp-json\/wp\/v2\/pages"}],"about":[{"href":"https:\/\/cnbadalona.cat\/es\/wp-json\/wp\/v2\/types\/page"}],"author":[{"embeddable":true,"href":"https:\/\/cnbadalona.cat\/es\/wp-json\/wp\/v2\/users\/1"}],"replies":[{"embeddable":true,"href":"https:\/\/cnbadalona.cat\/es\/wp-json\/wp\/v2\/comments?post=24232"}],"version-history":[{"count":1,"href":"https:\/\/cnbadalona.cat\/es\/wp-json\/wp\/v2\/pages\/24232\/revisions"}],"predecessor-version":[{"id":24233,"href":"https:\/\/cnbadalona.cat\/es\/wp-json\/wp\/v2\/pages\/24232\/revisions\/24233"}],"wp:attachment":[{"href":"https:\/\/cnbadalona.cat\/es\/wp-json\/wp\/v2\/media?parent=24232"}],"curies":[{"name":"wp","href":"https:\/\/api.w.org\/{rel}","templated":true}]}}