{"id":24230,"date":"2024-04-09T13:15:24","date_gmt":"2024-04-09T11:15:24","guid":{"rendered":"https:\/\/cnbadalona.cat\/mapa-web\/"},"modified":"2024-04-16T10:33:28","modified_gmt":"2024-04-16T08:33:28","slug":"mapa-web","status":"publish","type":"page","link":"https:\/\/cnbadalona.cat\/es\/mapa-web\/","title":{"rendered":"Mapa Web"},"content":{"rendered":"\t\t<div data-elementor-type=\"wp-page\" data-elementor-id=\"24230\" class=\"elementor elementor-24230 elementor-18609\" data-elementor-post-type=\"page\">\n\t\t\t\t\t\t<section data-particle_enable=\"false\" data-particle-mobile-disabled=\"false\" class=\"elementor-section elementor-top-section elementor-element elementor-element-1565399 elementor-section-height-min-height elementor-section-items-stretch elementor-section-boxed elementor-section-height-default\" data-id=\"1565399\" data-element_type=\"section\" data-e-type=\"section\" data-settings=\"{&quot;background_background&quot;:&quot;classic&quot;}\">\n\t\t\t\t\t\t<div class=\"elementor-container elementor-column-gap-default\">\n\t\t\t\t\t<div class=\"elementor-column elementor-col-100 elementor-top-column elementor-element elementor-element-3822a68\" data-id=\"3822a68\" data-element_type=\"column\" data-e-type=\"column\">\n\t\t\t<div class=\"elementor-widget-wrap elementor-element-populated\">\n\t\t\t\t\t\t<div class=\"elementor-element elementor-element-586104e elementor-widget elementor-widget-text-editor\" data-id=\"586104e\" data-element_type=\"widget\" data-e-type=\"widget\" data-widget_type=\"text-editor.default\">\n\t\t\t\t<div class=\"elementor-widget-container\">\n\t\t\t\t\t\t\t\t\t<b>CN<\/b>Badalona\t\t\t\t\t\t\t\t<\/div>\n\t\t\t\t<\/div>\n\t\t\t\t<div class=\"elementor-element elementor-element-539d166 elementor-widget elementor-widget-heading\" data-id=\"539d166\" data-element_type=\"widget\" data-e-type=\"widget\" data-widget_type=\"heading.default\">\n\t\t\t\t<div class=\"elementor-widget-container\">\n\t\t\t\t\t<h1 class=\"elementor-heading-title elementor-size-default\">Mapa web<\/h1>\t\t\t\t<\/div>\n\t\t\t\t<\/div>\n\t\t\t\t\t<\/div>\n\t\t<\/div>\n\t\t\t\t\t<\/div>\n\t\t<\/section>\n\t\t\t\t<section data-particle_enable=\"false\" data-particle-mobile-disabled=\"false\" class=\"elementor-section elementor-top-section elementor-element elementor-element-4f752d2 elementor-section-full_width elementor-section-stretched elementor-section-content-middle elementor-section-height-default elementor-section-height-default\" data-id=\"4f752d2\" data-element_type=\"section\" data-e-type=\"section\" data-settings=\"{&quot;stretch_section&quot;:&quot;section-stretched&quot;}\">\n\t\t\t\t\t\t<div class=\"elementor-container elementor-column-gap-default\">\n\t\t\t\t\t<div class=\"elementor-column elementor-col-100 elementor-top-column elementor-element elementor-element-c884241\" data-id=\"c884241\" data-element_type=\"column\" data-e-type=\"column\" data-settings=\"{&quot;background_background&quot;:&quot;classic&quot;}\">\n\t\t\t<div class=\"elementor-widget-wrap elementor-element-populated\">\n\t\t\t\t\t<div class=\"elementor-background-overlay\"><\/div>\n\t\t\t\t\t\t<div class=\"elementor-element elementor-element-3408cd6 elementor-widget elementor-widget-image\" data-id=\"3408cd6\" data-element_type=\"widget\" data-e-type=\"widget\" data-widget_type=\"image.default\">\n\t\t\t\t<div class=\"elementor-widget-container\">\n\t\t\t\t\t\t\t\t\t\t\t\t\t\t\t<img fetchpriority=\"high\" decoding=\"async\" width=\"1080\" height=\"240\" src=\"https:\/\/cnbadalona.cat\/wp-content\/uploads\/2024\/04\/cnb-grafic-onada-1.png\" class=\"attachment-full size-full wp-image-24108\" alt=\"\" srcset=\"https:\/\/cnbadalona.cat\/wp-content\/uploads\/2024\/04\/cnb-grafic-onada-1.png 1080w, https:\/\/cnbadalona.cat\/wp-content\/uploads\/2024\/04\/cnb-grafic-onada-1-300x67.png 300w, https:\/\/cnbadalona.cat\/wp-content\/uploads\/2024\/04\/cnb-grafic-onada-1-1024x228.png 1024w, https:\/\/cnbadalona.cat\/wp-content\/uploads\/2024\/04\/cnb-grafic-onada-1-768x171.png 768w\" sizes=\"(max-width: 1080px) 100vw, 1080px\" \/>\t\t\t\t\t\t\t\t\t\t\t\t\t\t\t<\/div>\n\t\t\t\t<\/div>\n\t\t\t\t<section data-particle_enable=\"false\" data-particle-mobile-disabled=\"false\" class=\"elementor-section elementor-inner-section elementor-element elementor-element-d9ab8a4 elementor-section-boxed elementor-section-height-default elementor-section-height-default\" data-id=\"d9ab8a4\" data-element_type=\"section\" data-e-type=\"section\">\n\t\t\t\t\t\t<div class=\"elementor-container elementor-column-gap-default\">\n\t\t\t\t\t<div class=\"elementor-column elementor-col-100 elementor-inner-column elementor-element elementor-element-90bee8f\" data-id=\"90bee8f\" data-element_type=\"column\" data-e-type=\"column\">\n\t\t\t<div class=\"elementor-widget-wrap elementor-element-populated\">\n\t\t\t\t\t\t<div class=\"elementor-element elementor-element-360dd8f elementor-widget elementor-widget-text-editor\" data-id=\"360dd8f\" data-element_type=\"widget\" data-e-type=\"widget\" data-widget_type=\"text-editor.default\">\n\t\t\t\t<div class=\"elementor-widget-container\">\n\t\t\t\t\t\t\t\t\t<ul><li><a href=\"https:\/\/cnbadalona.cat\/\">Inici<\/a><\/li><li>\u00a0Club<ul><li><a href=\"https:\/\/cnbadalona.cat\/historia\/\">Hist\u00f2ria<\/a><\/li><li><a href=\"https:\/\/cnbadalona.cat\/junta-directiva\/\">Junta Directiva<\/a><\/li><li><a href=\"https:\/\/cnbadalona.cat\/quadre-dhonor\/\">Quadre d&#8217;honor<\/a><\/li><li><a href=\"https:\/\/cnbadalona.cat\/organigrama-de-treballadors\/\">Organigrama de treballadors<\/a><\/li><li><a href=\"https:\/\/cnbadalona.cat\/patrocinadors\/\">Patrocinadors<\/a><\/li><li><a href=\"https:\/\/cnbadalona.cat\/enllacos\/\">Enlla\u00e7os<\/a><\/li><li><a href=\"https:\/\/cnbadalona.cat\/informacio-general\/\">Informaci\u00f3 general<\/a><\/li><\/ul><\/li><li>Instal\u00b7lacions<ul><li><a href=\"https:\/\/cnbadalona.cat\/instal%c2%b7lacions\/\">Instal\u00b7lacions<\/a><\/li><li><a href=\"https:\/\/cnbadalona.cat\/lloguer-despais\/\">Lloguer d&#8217;espais<\/a><\/li><li><a href=\"https:\/\/cnbadalona.cat\/lloguer-dembarcacions\/\">Lloguer d&#8217;embarcacions<\/a><\/li><li><a href=\"https:\/\/cnbadalona.cat\/restaurant\/\">Restaurant<\/a><\/li><\/ul><\/li><li>Seccions esportives<ul><li>Nataci\u00f3<ul><li><a href=\"https:\/\/cnbadalona.cat\/natacio-competicio\/\">Nataci\u00f3 competici\u00f3<\/a><\/li><li><a href=\"https:\/\/cnbadalona.cat\/natacio-masters\/\">Nataci\u00f3 Masters<\/a><\/li><li><a href=\"https:\/\/cnbadalona.cat\/aigues-obertes\/\">Aig\u00fces Obertes<\/a><\/li><li><a href=\"https:\/\/cnbadalona.cat\/triatlo\/\">Triatl\u00f3<\/a><\/li><li><a href=\"https:\/\/cnbadalona.cat\/escola-triatlo\/\">Escola Triatl\u00f3<\/a>\u00a0<\/li><\/ul><\/li><li>Mar<ul><li>Escola de vela<\/li><li><a href=\"https:\/\/cnbadalona.cat\/pati-de-vela\/\">Pat\u00ed de vela<\/a><\/li><li><a href=\"https:\/\/cnbadalona.cat\/rem\/\">Rem<\/a><\/li><li><a href=\"https:\/\/cnbadalona.cat\/windsurf\/\">Windsurf<\/a><\/li><li><a href=\"https:\/\/cnbadalona.cat\/funboard-surf-sup-wingfoil\/\">Funboard &#8211; Surf &#8211; Sup &#8211; Wingfoil<\/a><\/li><\/ul><\/li><li>Social<ul><li><a href=\"https:\/\/cnbadalona.cat\/fitness\/\">Fitness<\/a><\/li><li><a href=\"https:\/\/cnbadalona.cat\/frontenis\/\">Frontenis<\/a><\/li><\/ul><\/li><\/ul><\/li><li>Avantatges Socis<ul><li><a href=\"https:\/\/cnbadalona.cat\/avantatges-socis\/\">Avantatges Socis<\/a><\/li><li><a href=\"https:\/\/cnbadalona.cat\/assegurances-catalana-occident\/\">Assegurances Catalana Occident<\/a><\/li><li><a href=\"https:\/\/cnbadalona.cat\/altriservice-esqui-pirineu-frances\/\">ALTRISERVICE &#8211; Esqu\u00ed pirineu franc\u00e8s<\/a><\/li><li><a href=\"https:\/\/cnbadalona.cat\/pitch-putt-badalona\/\">Pitch &amp; Putt Badalona<\/a><\/li><li><a href=\"https:\/\/cnbadalona.cat\/skate-agora-academy\/\">Skate Agora Academy<\/a><\/li><li><a href=\"https:\/\/cnbadalona.cat\/escola-didiomes\/\">Escola d&#8217;idiomes<\/a><\/li><li><a href=\"https:\/\/cnbadalona.cat\/marina-berbel-nutricio-i-dietetica\/\">Marina Berbel &#8211; Nutrici\u00f3 i diet\u00e8tica<\/a><\/li><li><a href=\"https:\/\/cnbadalona.cat\/ferreteria-prim\/\">Ferreteria Prim<\/a><\/li><li><a href=\"https:\/\/cnbadalona.cat\/sutra-ioga\/\">Sutra Ioga<\/a><\/li><\/ul><\/li><li>Actualitat<ul><li><a href=\"https:\/\/cnbadalona.cat\/noticies\/\">Not\u00edcies<\/a><\/li><li><a href=\"https:\/\/cnbadalona.cat\/calendari-dactivitats\/\">Calendari d&#8217;activitats<\/a><\/li><\/ul><\/li><li><a href=\"https:\/\/cnbadalona.cat\/fes-te-soci\/\">Fes-te soci<\/a><\/li><li><a href=\"https:\/\/cnbadalona.cat\/contactar\/\">Contactar<\/a><\/li><\/ul>\t\t\t\t\t\t\t\t<\/div>\n\t\t\t\t<\/div>\n\t\t\t\t\t<\/div>\n\t\t<\/div>\n\t\t\t\t\t<\/div>\n\t\t<\/section>\n\t\t\t\t\t<\/div>\n\t\t<\/div>\n\t\t\t\t\t<\/div>\n\t\t<\/section>\n\t\t\t\t<\/div>\n\t\t","protected":false},"excerpt":{"rendered":"<p>CNBadalona Mapa web Inici \u00a0Club Hist\u00f2ria Junta Directiva Quadre d&#8217;honor Organigrama de treballadors Patrocinadors Enlla\u00e7os Informaci\u00f3 general Instal\u00b7lacions Instal\u00b7lacions Lloguer d&#8217;espais Lloguer d&#8217;embarcacions Restaurant Seccions esportives Nataci\u00f3 Nataci\u00f3 competici\u00f3 Nataci\u00f3 Masters Aig\u00fces Obertes Triatl\u00f3 Escola Triatl\u00f3\u00a0 Mar Escola de vela Pat\u00ed de vela Rem Windsurf Funboard &#8211; Surf &#8211; Sup &#8211; Wingfoil Social Fitness Frontenis [&hellip;]<\/p>\n","protected":false},"author":1,"featured_media":0,"parent":0,"menu_order":0,"comment_status":"closed","ping_status":"closed","template":"","meta":{"_eb_attr":"","site-sidebar-layout":"no-sidebar","site-content-layout":"","ast-site-content-layout":"full-width-container","site-content-style":"default","site-sidebar-style":"default","ast-global-header-display":"","ast-banner-title-visibility":"","ast-main-header-display":"","ast-hfb-above-header-display":"","ast-hfb-below-header-display":"","ast-hfb-mobile-header-display":"","site-post-title":"disabled","ast-breadcrumbs-content":"","ast-featured-img":"disabled","footer-sml-layout":"","ast-disable-related-posts":"","theme-transparent-header-meta":"","adv-header-id-meta":"","stick-header-meta":"","header-above-stick-meta":"","header-main-stick-meta":"","header-below-stick-meta":"","astra-migrate-meta-layouts":"default","ast-page-background-enabled":"default","ast-page-background-meta":{"desktop":{"background-color":"var(--ast-global-color-4)","background-image":"","background-repeat":"repeat","background-position":"center center","background-size":"auto","background-attachment":"scroll","background-type":"","background-media":"","overlay-type":"","overlay-color":"","overlay-opacity":"","overlay-gradient":""},"tablet":{"background-color":"","background-image":"","background-repeat":"repeat","background-position":"center center","background-size":"auto","background-attachment":"scroll","background-type":"","background-media":"","overlay-type":"","overlay-color":"","overlay-opacity":"","overlay-gradient":""},"mobile":{"background-color":"","background-image":"","background-repeat":"repeat","background-position":"center center","background-size":"auto","background-attachment":"scroll","background-type":"","background-media":"","overlay-type":"","overlay-color":"","overlay-opacity":"","overlay-gradient":""}},"ast-content-background-meta":{"desktop":{"background-color":"var(--ast-global-color-5)","background-image":"","background-repeat":"repeat","background-position":"center center","background-size":"auto","background-attachment":"scroll","background-type":"","background-media":"","overlay-type":"","overlay-color":"","overlay-opacity":"","overlay-gradient":""},"tablet":{"background-color":"var(--ast-global-color-5)","background-image":"","background-repeat":"repeat","background-position":"center center","background-size":"auto","background-attachment":"scroll","background-type":"","background-media":"","overlay-type":"","overlay-color":"","overlay-opacity":"","overlay-gradient":""},"mobile":{"background-color":"var(--ast-global-color-5)","background-image":"","background-repeat":"repeat","background-position":"center center","background-size":"auto","background-attachment":"scroll","background-type":"","background-media":"","overlay-type":"","overlay-color":"","overlay-opacity":"","overlay-gradient":""}},"footnotes":""},"class_list":["post-24230","page","type-page","status-publish","hentry"],"yoast_head":"<!-- This site is optimized with the Yoast SEO plugin v27.0 - https:\/\/yoast.com\/product\/yoast-seo-wordpress\/ -->\n<title>Mapa Web - Club Nataci\u00f3 de Badalona<\/title>\n<meta name=\"robots\" content=\"index, follow, max-snippet:-1, max-image-preview:large, max-video-preview:-1\" \/>\n<link rel=\"canonical\" href=\"https:\/\/cnbadalona.cat\/es\/mapa-web\/\" \/>\n<meta property=\"og:locale\" content=\"es_ES\" \/>\n<meta property=\"og:type\" content=\"article\" \/>\n<meta property=\"og:title\" content=\"Mapa Web - Club Nataci\u00f3 de Badalona\" \/>\n<meta property=\"og:description\" content=\"CNBadalona Mapa web Inici \u00a0Club Hist\u00f2ria Junta Directiva Quadre d&#8217;honor Organigrama de treballadors Patrocinadors Enlla\u00e7os Informaci\u00f3 general Instal\u00b7lacions Instal\u00b7lacions Lloguer d&#8217;espais Lloguer d&#8217;embarcacions Restaurant Seccions esportives Nataci\u00f3 Nataci\u00f3 competici\u00f3 Nataci\u00f3 Masters Aig\u00fces Obertes Triatl\u00f3 Escola Triatl\u00f3\u00a0 Mar Escola de vela Pat\u00ed de vela Rem Windsurf Funboard &#8211; Surf &#8211; Sup &#8211; Wingfoil Social Fitness Frontenis [&hellip;]\" \/>\n<meta property=\"og:url\" content=\"https:\/\/cnbadalona.cat\/es\/mapa-web\/\" \/>\n<meta property=\"og:site_name\" content=\"Club Nataci\u00f3 de Badalona\" \/>\n<meta property=\"article:modified_time\" content=\"2024-04-16T08:33:28+00:00\" \/>\n<meta property=\"og:image\" content=\"https:\/\/cnbadalona.cat\/wp-content\/uploads\/2024\/04\/cnb-grafic-onada-1.png\" \/>\n\t<meta property=\"og:image:width\" content=\"1080\" \/>\n\t<meta property=\"og:image:height\" content=\"240\" \/>\n\t<meta property=\"og:image:type\" content=\"image\/png\" \/>\n<meta name=\"twitter:card\" content=\"summary_large_image\" \/>\n<script type=\"application\/ld+json\" class=\"yoast-schema-graph\">{\"@context\":\"https:\/\/schema.org\",\"@graph\":[{\"@type\":\"WebPage\",\"@id\":\"https:\/\/cnbadalona.cat\/es\/mapa-web\/\",\"url\":\"https:\/\/cnbadalona.cat\/es\/mapa-web\/\",\"name\":\"Mapa Web - Club Nataci\u00f3 de Badalona\",\"isPartOf\":{\"@id\":\"https:\/\/cnbadalona.cat\/#website\"},\"primaryImageOfPage\":{\"@id\":\"https:\/\/cnbadalona.cat\/es\/mapa-web\/#primaryimage\"},\"image\":{\"@id\":\"https:\/\/cnbadalona.cat\/es\/mapa-web\/#primaryimage\"},\"thumbnailUrl\":\"https:\/\/cnbadalona.cat\/wp-content\/uploads\/2024\/04\/cnb-grafic-onada-1.png\",\"datePublished\":\"2024-04-09T11:15:24+00:00\",\"dateModified\":\"2024-04-16T08:33:28+00:00\",\"breadcrumb\":{\"@id\":\"https:\/\/cnbadalona.cat\/es\/mapa-web\/#breadcrumb\"},\"inLanguage\":\"es\",\"potentialAction\":[{\"@type\":\"ReadAction\",\"target\":[\"https:\/\/cnbadalona.cat\/es\/mapa-web\/\"]}]},{\"@type\":\"ImageObject\",\"inLanguage\":\"es\",\"@id\":\"https:\/\/cnbadalona.cat\/es\/mapa-web\/#primaryimage\",\"url\":\"https:\/\/cnbadalona.cat\/wp-content\/uploads\/2024\/04\/cnb-grafic-onada-1.png\",\"contentUrl\":\"https:\/\/cnbadalona.cat\/wp-content\/uploads\/2024\/04\/cnb-grafic-onada-1.png\"},{\"@type\":\"BreadcrumbList\",\"@id\":\"https:\/\/cnbadalona.cat\/es\/mapa-web\/#breadcrumb\",\"itemListElement\":[{\"@type\":\"ListItem\",\"position\":1,\"name\":\"Inici\",\"item\":\"https:\/\/cnbadalona.cat\/\"},{\"@type\":\"ListItem\",\"position\":2,\"name\":\"Mapa Web\"}]},{\"@type\":\"WebSite\",\"@id\":\"https:\/\/cnbadalona.cat\/#website\",\"url\":\"https:\/\/cnbadalona.cat\/\",\"name\":\"Club Nataci\u00f3 de Badalona\",\"description\":\"\",\"publisher\":{\"@id\":\"https:\/\/cnbadalona.cat\/#organization\"},\"potentialAction\":[{\"@type\":\"SearchAction\",\"target\":{\"@type\":\"EntryPoint\",\"urlTemplate\":\"https:\/\/cnbadalona.cat\/?s={search_term_string}\"},\"query-input\":{\"@type\":\"PropertyValueSpecification\",\"valueRequired\":true,\"valueName\":\"search_term_string\"}}],\"inLanguage\":\"es\"},{\"@type\":\"Organization\",\"@id\":\"https:\/\/cnbadalona.cat\/#organization\",\"name\":\"Club Nataci\u00f3 de Badalona\",\"url\":\"https:\/\/cnbadalona.cat\/\",\"logo\":{\"@type\":\"ImageObject\",\"inLanguage\":\"es\",\"@id\":\"https:\/\/cnbadalona.cat\/#\/schema\/logo\/image\/\",\"url\":\"https:\/\/cnbadalona.cat\/wp-content\/uploads\/2023\/11\/cropped-Logo-CNB.png\",\"contentUrl\":\"https:\/\/cnbadalona.cat\/wp-content\/uploads\/2023\/11\/cropped-Logo-CNB.png\",\"width\":500,\"height\":167,\"caption\":\"Club Nataci\u00f3 de Badalona\"},\"image\":{\"@id\":\"https:\/\/cnbadalona.cat\/#\/schema\/logo\/image\/\"}}]}<\/script>\n<!-- \/ Yoast SEO plugin. -->","yoast_head_json":{"title":"Mapa Web - Club Nataci\u00f3 de Badalona","robots":{"index":"index","follow":"follow","max-snippet":"max-snippet:-1","max-image-preview":"max-image-preview:large","max-video-preview":"max-video-preview:-1"},"canonical":"https:\/\/cnbadalona.cat\/es\/mapa-web\/","og_locale":"es_ES","og_type":"article","og_title":"Mapa Web - Club Nataci\u00f3 de Badalona","og_description":"CNBadalona Mapa web Inici \u00a0Club Hist\u00f2ria Junta Directiva Quadre d&#8217;honor Organigrama de treballadors Patrocinadors Enlla\u00e7os Informaci\u00f3 general Instal\u00b7lacions Instal\u00b7lacions Lloguer d&#8217;espais Lloguer d&#8217;embarcacions Restaurant Seccions esportives Nataci\u00f3 Nataci\u00f3 competici\u00f3 Nataci\u00f3 Masters Aig\u00fces Obertes Triatl\u00f3 Escola Triatl\u00f3\u00a0 Mar Escola de vela Pat\u00ed de vela Rem Windsurf Funboard &#8211; Surf &#8211; Sup &#8211; Wingfoil Social Fitness Frontenis [&hellip;]","og_url":"https:\/\/cnbadalona.cat\/es\/mapa-web\/","og_site_name":"Club Nataci\u00f3 de Badalona","article_modified_time":"2024-04-16T08:33:28+00:00","og_image":[{"width":1080,"height":240,"url":"https:\/\/cnbadalona.cat\/wp-content\/uploads\/2024\/04\/cnb-grafic-onada-1.png","type":"image\/png"}],"twitter_card":"summary_large_image","schema":{"@context":"https:\/\/schema.org","@graph":[{"@type":"WebPage","@id":"https:\/\/cnbadalona.cat\/es\/mapa-web\/","url":"https:\/\/cnbadalona.cat\/es\/mapa-web\/","name":"Mapa Web - Club Nataci\u00f3 de Badalona","isPartOf":{"@id":"https:\/\/cnbadalona.cat\/#website"},"primaryImageOfPage":{"@id":"https:\/\/cnbadalona.cat\/es\/mapa-web\/#primaryimage"},"image":{"@id":"https:\/\/cnbadalona.cat\/es\/mapa-web\/#primaryimage"},"thumbnailUrl":"https:\/\/cnbadalona.cat\/wp-content\/uploads\/2024\/04\/cnb-grafic-onada-1.png","datePublished":"2024-04-09T11:15:24+00:00","dateModified":"2024-04-16T08:33:28+00:00","breadcrumb":{"@id":"https:\/\/cnbadalona.cat\/es\/mapa-web\/#breadcrumb"},"inLanguage":"es","potentialAction":[{"@type":"ReadAction","target":["https:\/\/cnbadalona.cat\/es\/mapa-web\/"]}]},{"@type":"ImageObject","inLanguage":"es","@id":"https:\/\/cnbadalona.cat\/es\/mapa-web\/#primaryimage","url":"https:\/\/cnbadalona.cat\/wp-content\/uploads\/2024\/04\/cnb-grafic-onada-1.png","contentUrl":"https:\/\/cnbadalona.cat\/wp-content\/uploads\/2024\/04\/cnb-grafic-onada-1.png"},{"@type":"BreadcrumbList","@id":"https:\/\/cnbadalona.cat\/es\/mapa-web\/#breadcrumb","itemListElement":[{"@type":"ListItem","position":1,"name":"Inici","item":"https:\/\/cnbadalona.cat\/"},{"@type":"ListItem","position":2,"name":"Mapa Web"}]},{"@type":"WebSite","@id":"https:\/\/cnbadalona.cat\/#website","url":"https:\/\/cnbadalona.cat\/","name":"Club Nataci\u00f3 de Badalona","description":"","publisher":{"@id":"https:\/\/cnbadalona.cat\/#organization"},"potentialAction":[{"@type":"SearchAction","target":{"@type":"EntryPoint","urlTemplate":"https:\/\/cnbadalona.cat\/?s={search_term_string}"},"query-input":{"@type":"PropertyValueSpecification","valueRequired":true,"valueName":"search_term_string"}}],"inLanguage":"es"},{"@type":"Organization","@id":"https:\/\/cnbadalona.cat\/#organization","name":"Club Nataci\u00f3 de Badalona","url":"https:\/\/cnbadalona.cat\/","logo":{"@type":"ImageObject","inLanguage":"es","@id":"https:\/\/cnbadalona.cat\/#\/schema\/logo\/image\/","url":"https:\/\/cnbadalona.cat\/wp-content\/uploads\/2023\/11\/cropped-Logo-CNB.png","contentUrl":"https:\/\/cnbadalona.cat\/wp-content\/uploads\/2023\/11\/cropped-Logo-CNB.png","width":500,"height":167,"caption":"Club Nataci\u00f3 de Badalona"},"image":{"@id":"https:\/\/cnbadalona.cat\/#\/schema\/logo\/image\/"}}]}},"_links":{"self":[{"href":"https:\/\/cnbadalona.cat\/es\/wp-json\/wp\/v2\/pages\/24230","targetHints":{"allow":["GET"]}}],"collection":[{"href":"https:\/\/cnbadalona.cat\/es\/wp-json\/wp\/v2\/pages"}],"about":[{"href":"https:\/\/cnbadalona.cat\/es\/wp-json\/wp\/v2\/types\/page"}],"author":[{"embeddable":true,"href":"https:\/\/cnbadalona.cat\/es\/wp-json\/wp\/v2\/users\/1"}],"replies":[{"embeddable":true,"href":"https:\/\/cnbadalona.cat\/es\/wp-json\/wp\/v2\/comments?post=24230"}],"version-history":[{"count":1,"href":"https:\/\/cnbadalona.cat\/es\/wp-json\/wp\/v2\/pages\/24230\/revisions"}],"predecessor-version":[{"id":24231,"href":"https:\/\/cnbadalona.cat\/es\/wp-json\/wp\/v2\/pages\/24230\/revisions\/24231"}],"wp:attachment":[{"href":"https:\/\/cnbadalona.cat\/es\/wp-json\/wp\/v2\/media?parent=24230"}],"curies":[{"name":"wp","href":"https:\/\/api.w.org\/{rel}","templated":true}]}}