{"id":24228,"date":"2024-04-09T13:15:15","date_gmt":"2024-04-09T11:15:15","guid":{"rendered":"https:\/\/cnbadalona.cat\/accessibilitat\/"},"modified":"2024-04-16T10:32:46","modified_gmt":"2024-04-16T08:32:46","slug":"accessibilitat","status":"publish","type":"page","link":"https:\/\/cnbadalona.cat\/es\/accessibilitat\/","title":{"rendered":"Accesibilidad"},"content":{"rendered":"\t\t<div data-elementor-type=\"wp-page\" data-elementor-id=\"24228\" class=\"elementor elementor-24228 elementor-18607\" data-elementor-post-type=\"page\">\n\t\t\t\t\t\t<section data-particle_enable=\"false\" data-particle-mobile-disabled=\"false\" class=\"elementor-section elementor-top-section elementor-element elementor-element-c84bda9 elementor-section-height-min-height elementor-section-items-stretch elementor-section-boxed elementor-section-height-default\" data-id=\"c84bda9\" data-element_type=\"section\" data-e-type=\"section\" data-settings=\"{&quot;background_background&quot;:&quot;classic&quot;}\">\n\t\t\t\t\t\t<div class=\"elementor-container elementor-column-gap-default\">\n\t\t\t\t\t<div class=\"elementor-column elementor-col-100 elementor-top-column elementor-element elementor-element-b4e92c0\" data-id=\"b4e92c0\" data-element_type=\"column\" data-e-type=\"column\">\n\t\t\t<div class=\"elementor-widget-wrap elementor-element-populated\">\n\t\t\t\t\t\t<div class=\"elementor-element elementor-element-0bd5aee elementor-widget elementor-widget-text-editor\" data-id=\"0bd5aee\" data-element_type=\"widget\" data-e-type=\"widget\" data-widget_type=\"text-editor.default\">\n\t\t\t\t<div class=\"elementor-widget-container\">\n\t\t\t\t\t\t\t\t\t<b>CN<\/b>Badalona\t\t\t\t\t\t\t\t<\/div>\n\t\t\t\t<\/div>\n\t\t\t\t<div class=\"elementor-element elementor-element-29b55d2 elementor-widget elementor-widget-heading\" data-id=\"29b55d2\" data-element_type=\"widget\" data-e-type=\"widget\" data-widget_type=\"heading.default\">\n\t\t\t\t<div class=\"elementor-widget-container\">\n\t\t\t\t\t<h1 class=\"elementor-heading-title elementor-size-default\">Accessibilitat<\/h1>\t\t\t\t<\/div>\n\t\t\t\t<\/div>\n\t\t\t\t\t<\/div>\n\t\t<\/div>\n\t\t\t\t\t<\/div>\n\t\t<\/section>\n\t\t\t\t<section data-particle_enable=\"false\" data-particle-mobile-disabled=\"false\" class=\"elementor-section elementor-top-section elementor-element elementor-element-ccb82cf elementor-section-full_width elementor-section-stretched elementor-section-content-middle elementor-section-height-default elementor-section-height-default\" data-id=\"ccb82cf\" data-element_type=\"section\" data-e-type=\"section\" data-settings=\"{&quot;stretch_section&quot;:&quot;section-stretched&quot;}\">\n\t\t\t\t\t\t<div class=\"elementor-container elementor-column-gap-default\">\n\t\t\t\t\t<div class=\"elementor-column elementor-col-100 elementor-top-column elementor-element elementor-element-d900091\" data-id=\"d900091\" data-element_type=\"column\" data-e-type=\"column\" data-settings=\"{&quot;background_background&quot;:&quot;classic&quot;}\">\n\t\t\t<div class=\"elementor-widget-wrap elementor-element-populated\">\n\t\t\t\t\t<div class=\"elementor-background-overlay\"><\/div>\n\t\t\t\t\t\t<div class=\"elementor-element elementor-element-37888a4 elementor-widget elementor-widget-image\" data-id=\"37888a4\" data-element_type=\"widget\" data-e-type=\"widget\" data-widget_type=\"image.default\">\n\t\t\t\t<div class=\"elementor-widget-container\">\n\t\t\t\t\t\t\t\t\t\t\t\t\t\t\t<img fetchpriority=\"high\" decoding=\"async\" width=\"1080\" height=\"240\" src=\"https:\/\/cnbadalona.cat\/wp-content\/uploads\/2024\/04\/cnb-grafic-onada-1.png\" class=\"attachment-full size-full wp-image-24108\" alt=\"\" srcset=\"https:\/\/cnbadalona.cat\/wp-content\/uploads\/2024\/04\/cnb-grafic-onada-1.png 1080w, https:\/\/cnbadalona.cat\/wp-content\/uploads\/2024\/04\/cnb-grafic-onada-1-300x67.png 300w, https:\/\/cnbadalona.cat\/wp-content\/uploads\/2024\/04\/cnb-grafic-onada-1-1024x228.png 1024w, https:\/\/cnbadalona.cat\/wp-content\/uploads\/2024\/04\/cnb-grafic-onada-1-768x171.png 768w\" sizes=\"(max-width: 1080px) 100vw, 1080px\" \/>\t\t\t\t\t\t\t\t\t\t\t\t\t\t\t<\/div>\n\t\t\t\t<\/div>\n\t\t\t\t<section data-particle_enable=\"false\" data-particle-mobile-disabled=\"false\" class=\"elementor-section elementor-inner-section elementor-element elementor-element-4a489b4 elementor-section-boxed elementor-section-height-default elementor-section-height-default\" data-id=\"4a489b4\" data-element_type=\"section\" data-e-type=\"section\">\n\t\t\t\t\t\t<div class=\"elementor-container elementor-column-gap-default\">\n\t\t\t\t\t<div class=\"elementor-column elementor-col-100 elementor-inner-column elementor-element elementor-element-d10f495\" data-id=\"d10f495\" data-element_type=\"column\" data-e-type=\"column\">\n\t\t\t<div class=\"elementor-widget-wrap elementor-element-populated\">\n\t\t\t\t\t\t<div class=\"elementor-element elementor-element-c0e8deb elementor-widget elementor-widget-text-editor\" data-id=\"c0e8deb\" data-element_type=\"widget\" data-e-type=\"widget\" data-widget_type=\"text-editor.default\">\n\t\t\t\t<div class=\"elementor-widget-container\">\n\t\t\t\t\t\t\t\t\t<p>CLUB NATACI\u00d3 BADALONA s\u2019ha comprom\u00e9s a fer accessible el seu lloc web de conformitat amb el Real Decret 1112\/2018, de 7 de setembre, sobre accessibilitat dels llocs web i aplicacions per a dispositius m\u00f2bils del sector p\u00fablic, o desenvolupaments financiats des de Europa.<\/p><p>La present declaraci\u00f3 d\u2019accessibilitat s\u2019aplica al lloc web tonitapia.cat excloent els continguts incrustats provinents d\u2019altres dominis.<\/p><p><b>Situaci\u00f3 de compliment<\/b><\/p><p>Aquest lloc web \u00e9s Parcialment conforme amb el RD 1112\/2018 degut a la manca de conformitat dels aspectes que s\u2019indiquen a continuaci\u00f3.<\/p><p><b>Contingut no accessible<\/b><\/p><p>El contingut que es recull a continuaci\u00f3 no \u00e9s accessible pels seg\u00fcents motius:<\/p><p><b>Falta de conformitat:<\/b><\/p><p>Poden existir algunes alternatives textuals que no siguin correctes \u2013 Requisit n\u00famero 9.1.1.1 Contingut no textual de UNE-EN 301549:2022<br \/>Poden existir alguns enlla\u00e7os la funci\u00f3 dels quals o objectiu no estiguin correctament definits \u2013 Requisit n\u00famero 9.2.4.4 Prop\u00f2sit dels enlla\u00e7os de UNE-EN 301549:2022<br \/>Poden existir errades puntuals de edici\u00f3 en alguna p\u00e0gina web.<\/p><p><b>Carga desproporcionada<\/b><\/p><p>No aplica.<\/p><p><b>El contingut no entra dins de l\u2019\u00e0mbit de la legislaci\u00f3 aplicable<\/b><\/p><p>Podrien existir arxius ofim\u00e0tics en PDF o altres formats publicats abans del 20 de setembre de 2018 que no compleixin en la seva totalitat tots els requisits d\u2019accessibilitat. Encara que s\u2019ha procurat que la majoria d\u2019ells s\u00ed els compleixin.<\/p><p><b>Preparaci\u00f3 per la seg\u00fcent declaraci\u00f3 d\u2019accessibilitat<br \/><\/b>La present declaraci\u00f3 va ser preparada el 15 d&#8217;abril de 2024.<\/p><p>El m\u00e8tode empleat per preparar la declaraci\u00f3 ha sigut una autoevaluaci\u00f3 duta a terme pel propi organisme.<\/p><p>\u00daltima revisi\u00f3 de la declaraci\u00f3: 15 d&#8217;abril de 2024.<\/p><p><b>Observacions i dades de contacte<\/b><\/p><p>Pot realitzar comunicacions sobre requisits d\u2019accessibilitat (article 10.2.a) del RD 1112\/2018 com per exemple:<\/p><ul><li>informar sobre qualsevol possible incompliment per part d\u2019aquest lloc web<\/li><li>transmetre altres dificultats d\u2019acc\u00e9s al contingut<\/li><li>formular qualsevol altra consulta o suggeriment de millora relativa a l\u2019accessibilitat del lloc web<\/li><\/ul><p>A trav\u00e9s del\u00a0<a href=\"https:\/\/cnbadalona.cat\/contactar\/\">formulari de contacte<\/a>\u00a0pot presentar:<\/p><ul><li>Queixa relativa al compliment dels requisits del RD 1112\/2018 o<\/li><li>Sol\u00b7licitud d\u2019informaci\u00f3 accessible relativa a:<ul><li>continguts que estan exclosos de l\u2019\u00e0mbit d\u2019aplicaci\u00f3 del RD 1112\/2018 segons l\u2019establert per l\u2019article 3, apartat 4<\/li><li>continguts que estan exclosos del compliment dels requisits d\u2019accessibilitat per imposar una c\u00e0rrega desproporcionada.<\/li><\/ul><\/li><\/ul><p>En la Sol\u00b7licitud d\u2019informaci\u00f3 accessible, s\u2019ha de concretar, amb tota claredat, els fets, raons i petici\u00f3 que permeteixin constatar que es tracta d\u2019una sol\u00b7licitud raonable i lleg\u00edtima.<\/p><p>Les comunicacions, queixes i sol\u00b7licituds d\u2019informaci\u00f3 accessible seran rebudes i tractades pel Departament d\u2019Atenci\u00f3 al client de CLUB NATACI\u00d3 BADALONA.<\/p>\t\t\t\t\t\t\t\t<\/div>\n\t\t\t\t<\/div>\n\t\t\t\t\t<\/div>\n\t\t<\/div>\n\t\t\t\t\t<\/div>\n\t\t<\/section>\n\t\t\t\t\t<\/div>\n\t\t<\/div>\n\t\t\t\t\t<\/div>\n\t\t<\/section>\n\t\t\t\t<\/div>\n\t\t","protected":false},"excerpt":{"rendered":"<p>CNBadalona Accessibilitat CLUB NATACI\u00d3 BADALONA s\u2019ha comprom\u00e9s a fer accessible el seu lloc web de conformitat amb el Real Decret 1112\/2018, de 7 de setembre, sobre accessibilitat dels llocs web i aplicacions per a dispositius m\u00f2bils del sector p\u00fablic, o desenvolupaments financiats des de Europa. La present declaraci\u00f3 d\u2019accessibilitat s\u2019aplica al lloc web tonitapia.cat excloent [&hellip;]<\/p>\n","protected":false},"author":1,"featured_media":0,"parent":0,"menu_order":0,"comment_status":"closed","ping_status":"closed","template":"","meta":{"_eb_attr":"","site-sidebar-layout":"no-sidebar","site-content-layout":"","ast-site-content-layout":"full-width-container","site-content-style":"default","site-sidebar-style":"default","ast-global-header-display":"","ast-banner-title-visibility":"","ast-main-header-display":"","ast-hfb-above-header-display":"","ast-hfb-below-header-display":"","ast-hfb-mobile-header-display":"","site-post-title":"disabled","ast-breadcrumbs-content":"","ast-featured-img":"disabled","footer-sml-layout":"","ast-disable-related-posts":"","theme-transparent-header-meta":"","adv-header-id-meta":"","stick-header-meta":"","header-above-stick-meta":"","header-main-stick-meta":"","header-below-stick-meta":"","astra-migrate-meta-layouts":"default","ast-page-background-enabled":"default","ast-page-background-meta":{"desktop":{"background-color":"var(--ast-global-color-4)","background-image":"","background-repeat":"repeat","background-position":"center center","background-size":"auto","background-attachment":"scroll","background-type":"","background-media":"","overlay-type":"","overlay-color":"","overlay-opacity":"","overlay-gradient":""},"tablet":{"background-color":"","background-image":"","background-repeat":"repeat","background-position":"center center","background-size":"auto","background-attachment":"scroll","background-type":"","background-media":"","overlay-type":"","overlay-color":"","overlay-opacity":"","overlay-gradient":""},"mobile":{"background-color":"","background-image":"","background-repeat":"repeat","background-position":"center center","background-size":"auto","background-attachment":"scroll","background-type":"","background-media":"","overlay-type":"","overlay-color":"","overlay-opacity":"","overlay-gradient":""}},"ast-content-background-meta":{"desktop":{"background-color":"var(--ast-global-color-5)","background-image":"","background-repeat":"repeat","background-position":"center center","background-size":"auto","background-attachment":"scroll","background-type":"","background-media":"","overlay-type":"","overlay-color":"","overlay-opacity":"","overlay-gradient":""},"tablet":{"background-color":"var(--ast-global-color-5)","background-image":"","background-repeat":"repeat","background-position":"center center","background-size":"auto","background-attachment":"scroll","background-type":"","background-media":"","overlay-type":"","overlay-color":"","overlay-opacity":"","overlay-gradient":""},"mobile":{"background-color":"var(--ast-global-color-5)","background-image":"","background-repeat":"repeat","background-position":"center center","background-size":"auto","background-attachment":"scroll","background-type":"","background-media":"","overlay-type":"","overlay-color":"","overlay-opacity":"","overlay-gradient":""}},"footnotes":""},"class_list":["post-24228","page","type-page","status-publish","hentry"],"yoast_head":"<!-- This site is optimized with the Yoast SEO plugin v27.0 - https:\/\/yoast.com\/product\/yoast-seo-wordpress\/ -->\n<title>Accesibilidad - Club Nataci\u00f3 de Badalona<\/title>\n<meta name=\"robots\" content=\"index, follow, max-snippet:-1, max-image-preview:large, max-video-preview:-1\" \/>\n<link rel=\"canonical\" href=\"https:\/\/cnbadalona.cat\/es\/accessibilitat\/\" \/>\n<meta property=\"og:locale\" content=\"es_ES\" \/>\n<meta property=\"og:type\" content=\"article\" \/>\n<meta property=\"og:title\" content=\"Accesibilidad - Club Nataci\u00f3 de Badalona\" \/>\n<meta property=\"og:description\" content=\"CNBadalona Accessibilitat CLUB NATACI\u00d3 BADALONA s\u2019ha comprom\u00e9s a fer accessible el seu lloc web de conformitat amb el Real Decret 1112\/2018, de 7 de setembre, sobre accessibilitat dels llocs web i aplicacions per a dispositius m\u00f2bils del sector p\u00fablic, o desenvolupaments financiats des de Europa. La present declaraci\u00f3 d\u2019accessibilitat s\u2019aplica al lloc web tonitapia.cat excloent [&hellip;]\" \/>\n<meta property=\"og:url\" content=\"https:\/\/cnbadalona.cat\/es\/accessibilitat\/\" \/>\n<meta property=\"og:site_name\" content=\"Club Nataci\u00f3 de Badalona\" \/>\n<meta property=\"article:modified_time\" content=\"2024-04-16T08:32:46+00:00\" \/>\n<meta property=\"og:image\" content=\"https:\/\/cnbadalona.cat\/wp-content\/uploads\/2024\/04\/cnb-grafic-onada-1.png\" \/>\n\t<meta property=\"og:image:width\" content=\"1080\" \/>\n\t<meta property=\"og:image:height\" content=\"240\" \/>\n\t<meta property=\"og:image:type\" content=\"image\/png\" \/>\n<meta name=\"twitter:card\" content=\"summary_large_image\" \/>\n<meta name=\"twitter:label1\" content=\"Tiempo de lectura\" \/>\n\t<meta name=\"twitter:data1\" content=\"2 minutos\" \/>\n<script type=\"application\/ld+json\" class=\"yoast-schema-graph\">{\"@context\":\"https:\/\/schema.org\",\"@graph\":[{\"@type\":\"WebPage\",\"@id\":\"https:\/\/cnbadalona.cat\/es\/accessibilitat\/\",\"url\":\"https:\/\/cnbadalona.cat\/es\/accessibilitat\/\",\"name\":\"Accesibilidad - Club Nataci\u00f3 de Badalona\",\"isPartOf\":{\"@id\":\"https:\/\/cnbadalona.cat\/#website\"},\"primaryImageOfPage\":{\"@id\":\"https:\/\/cnbadalona.cat\/es\/accessibilitat\/#primaryimage\"},\"image\":{\"@id\":\"https:\/\/cnbadalona.cat\/es\/accessibilitat\/#primaryimage\"},\"thumbnailUrl\":\"https:\/\/cnbadalona.cat\/wp-content\/uploads\/2024\/04\/cnb-grafic-onada-1.png\",\"datePublished\":\"2024-04-09T11:15:15+00:00\",\"dateModified\":\"2024-04-16T08:32:46+00:00\",\"breadcrumb\":{\"@id\":\"https:\/\/cnbadalona.cat\/es\/accessibilitat\/#breadcrumb\"},\"inLanguage\":\"es\",\"potentialAction\":[{\"@type\":\"ReadAction\",\"target\":[\"https:\/\/cnbadalona.cat\/es\/accessibilitat\/\"]}]},{\"@type\":\"ImageObject\",\"inLanguage\":\"es\",\"@id\":\"https:\/\/cnbadalona.cat\/es\/accessibilitat\/#primaryimage\",\"url\":\"https:\/\/cnbadalona.cat\/wp-content\/uploads\/2024\/04\/cnb-grafic-onada-1.png\",\"contentUrl\":\"https:\/\/cnbadalona.cat\/wp-content\/uploads\/2024\/04\/cnb-grafic-onada-1.png\"},{\"@type\":\"BreadcrumbList\",\"@id\":\"https:\/\/cnbadalona.cat\/es\/accessibilitat\/#breadcrumb\",\"itemListElement\":[{\"@type\":\"ListItem\",\"position\":1,\"name\":\"Inici\",\"item\":\"https:\/\/cnbadalona.cat\/\"},{\"@type\":\"ListItem\",\"position\":2,\"name\":\"Accesibilidad\"}]},{\"@type\":\"WebSite\",\"@id\":\"https:\/\/cnbadalona.cat\/#website\",\"url\":\"https:\/\/cnbadalona.cat\/\",\"name\":\"Club Nataci\u00f3 de Badalona\",\"description\":\"\",\"publisher\":{\"@id\":\"https:\/\/cnbadalona.cat\/#organization\"},\"potentialAction\":[{\"@type\":\"SearchAction\",\"target\":{\"@type\":\"EntryPoint\",\"urlTemplate\":\"https:\/\/cnbadalona.cat\/?s={search_term_string}\"},\"query-input\":{\"@type\":\"PropertyValueSpecification\",\"valueRequired\":true,\"valueName\":\"search_term_string\"}}],\"inLanguage\":\"es\"},{\"@type\":\"Organization\",\"@id\":\"https:\/\/cnbadalona.cat\/#organization\",\"name\":\"Club Nataci\u00f3 de Badalona\",\"url\":\"https:\/\/cnbadalona.cat\/\",\"logo\":{\"@type\":\"ImageObject\",\"inLanguage\":\"es\",\"@id\":\"https:\/\/cnbadalona.cat\/#\/schema\/logo\/image\/\",\"url\":\"https:\/\/cnbadalona.cat\/wp-content\/uploads\/2023\/11\/cropped-Logo-CNB.png\",\"contentUrl\":\"https:\/\/cnbadalona.cat\/wp-content\/uploads\/2023\/11\/cropped-Logo-CNB.png\",\"width\":500,\"height\":167,\"caption\":\"Club Nataci\u00f3 de Badalona\"},\"image\":{\"@id\":\"https:\/\/cnbadalona.cat\/#\/schema\/logo\/image\/\"}}]}<\/script>\n<!-- \/ Yoast SEO plugin. -->","yoast_head_json":{"title":"Accesibilidad - Club Nataci\u00f3 de Badalona","robots":{"index":"index","follow":"follow","max-snippet":"max-snippet:-1","max-image-preview":"max-image-preview:large","max-video-preview":"max-video-preview:-1"},"canonical":"https:\/\/cnbadalona.cat\/es\/accessibilitat\/","og_locale":"es_ES","og_type":"article","og_title":"Accesibilidad - Club Nataci\u00f3 de Badalona","og_description":"CNBadalona Accessibilitat CLUB NATACI\u00d3 BADALONA s\u2019ha comprom\u00e9s a fer accessible el seu lloc web de conformitat amb el Real Decret 1112\/2018, de 7 de setembre, sobre accessibilitat dels llocs web i aplicacions per a dispositius m\u00f2bils del sector p\u00fablic, o desenvolupaments financiats des de Europa. La present declaraci\u00f3 d\u2019accessibilitat s\u2019aplica al lloc web tonitapia.cat excloent [&hellip;]","og_url":"https:\/\/cnbadalona.cat\/es\/accessibilitat\/","og_site_name":"Club Nataci\u00f3 de Badalona","article_modified_time":"2024-04-16T08:32:46+00:00","og_image":[{"width":1080,"height":240,"url":"https:\/\/cnbadalona.cat\/wp-content\/uploads\/2024\/04\/cnb-grafic-onada-1.png","type":"image\/png"}],"twitter_card":"summary_large_image","twitter_misc":{"Tiempo de lectura":"2 minutos"},"schema":{"@context":"https:\/\/schema.org","@graph":[{"@type":"WebPage","@id":"https:\/\/cnbadalona.cat\/es\/accessibilitat\/","url":"https:\/\/cnbadalona.cat\/es\/accessibilitat\/","name":"Accesibilidad - Club Nataci\u00f3 de Badalona","isPartOf":{"@id":"https:\/\/cnbadalona.cat\/#website"},"primaryImageOfPage":{"@id":"https:\/\/cnbadalona.cat\/es\/accessibilitat\/#primaryimage"},"image":{"@id":"https:\/\/cnbadalona.cat\/es\/accessibilitat\/#primaryimage"},"thumbnailUrl":"https:\/\/cnbadalona.cat\/wp-content\/uploads\/2024\/04\/cnb-grafic-onada-1.png","datePublished":"2024-04-09T11:15:15+00:00","dateModified":"2024-04-16T08:32:46+00:00","breadcrumb":{"@id":"https:\/\/cnbadalona.cat\/es\/accessibilitat\/#breadcrumb"},"inLanguage":"es","potentialAction":[{"@type":"ReadAction","target":["https:\/\/cnbadalona.cat\/es\/accessibilitat\/"]}]},{"@type":"ImageObject","inLanguage":"es","@id":"https:\/\/cnbadalona.cat\/es\/accessibilitat\/#primaryimage","url":"https:\/\/cnbadalona.cat\/wp-content\/uploads\/2024\/04\/cnb-grafic-onada-1.png","contentUrl":"https:\/\/cnbadalona.cat\/wp-content\/uploads\/2024\/04\/cnb-grafic-onada-1.png"},{"@type":"BreadcrumbList","@id":"https:\/\/cnbadalona.cat\/es\/accessibilitat\/#breadcrumb","itemListElement":[{"@type":"ListItem","position":1,"name":"Inici","item":"https:\/\/cnbadalona.cat\/"},{"@type":"ListItem","position":2,"name":"Accesibilidad"}]},{"@type":"WebSite","@id":"https:\/\/cnbadalona.cat\/#website","url":"https:\/\/cnbadalona.cat\/","name":"Club Nataci\u00f3 de Badalona","description":"","publisher":{"@id":"https:\/\/cnbadalona.cat\/#organization"},"potentialAction":[{"@type":"SearchAction","target":{"@type":"EntryPoint","urlTemplate":"https:\/\/cnbadalona.cat\/?s={search_term_string}"},"query-input":{"@type":"PropertyValueSpecification","valueRequired":true,"valueName":"search_term_string"}}],"inLanguage":"es"},{"@type":"Organization","@id":"https:\/\/cnbadalona.cat\/#organization","name":"Club Nataci\u00f3 de Badalona","url":"https:\/\/cnbadalona.cat\/","logo":{"@type":"ImageObject","inLanguage":"es","@id":"https:\/\/cnbadalona.cat\/#\/schema\/logo\/image\/","url":"https:\/\/cnbadalona.cat\/wp-content\/uploads\/2023\/11\/cropped-Logo-CNB.png","contentUrl":"https:\/\/cnbadalona.cat\/wp-content\/uploads\/2023\/11\/cropped-Logo-CNB.png","width":500,"height":167,"caption":"Club Nataci\u00f3 de Badalona"},"image":{"@id":"https:\/\/cnbadalona.cat\/#\/schema\/logo\/image\/"}}]}},"_links":{"self":[{"href":"https:\/\/cnbadalona.cat\/es\/wp-json\/wp\/v2\/pages\/24228","targetHints":{"allow":["GET"]}}],"collection":[{"href":"https:\/\/cnbadalona.cat\/es\/wp-json\/wp\/v2\/pages"}],"about":[{"href":"https:\/\/cnbadalona.cat\/es\/wp-json\/wp\/v2\/types\/page"}],"author":[{"embeddable":true,"href":"https:\/\/cnbadalona.cat\/es\/wp-json\/wp\/v2\/users\/1"}],"replies":[{"embeddable":true,"href":"https:\/\/cnbadalona.cat\/es\/wp-json\/wp\/v2\/comments?post=24228"}],"version-history":[{"count":1,"href":"https:\/\/cnbadalona.cat\/es\/wp-json\/wp\/v2\/pages\/24228\/revisions"}],"predecessor-version":[{"id":24229,"href":"https:\/\/cnbadalona.cat\/es\/wp-json\/wp\/v2\/pages\/24228\/revisions\/24229"}],"wp:attachment":[{"href":"https:\/\/cnbadalona.cat\/es\/wp-json\/wp\/v2\/media?parent=24228"}],"curies":[{"name":"wp","href":"https:\/\/api.w.org\/{rel}","templated":true}]}}