{"id":24226,"date":"2024-04-09T13:14:37","date_gmt":"2024-04-09T11:14:37","guid":{"rendered":"https:\/\/cnbadalona.cat\/avis-legal\/"},"modified":"2024-04-16T11:41:15","modified_gmt":"2024-04-16T09:41:15","slug":"avis-legal","status":"publish","type":"page","link":"https:\/\/cnbadalona.cat\/es\/avis-legal\/","title":{"rendered":"Aviso Legal"},"content":{"rendered":"\t\t<div data-elementor-type=\"wp-page\" data-elementor-id=\"24226\" class=\"elementor elementor-24226 elementor-18601\" data-elementor-post-type=\"page\">\n\t\t\t\t\t\t<section data-particle_enable=\"false\" data-particle-mobile-disabled=\"false\" class=\"elementor-section elementor-top-section elementor-element elementor-element-fa43529 elementor-section-height-min-height elementor-section-items-stretch elementor-section-boxed elementor-section-height-default\" data-id=\"fa43529\" data-element_type=\"section\" data-e-type=\"section\" data-settings=\"{&quot;background_background&quot;:&quot;classic&quot;}\">\n\t\t\t\t\t\t<div class=\"elementor-container elementor-column-gap-default\">\n\t\t\t\t\t<div class=\"elementor-column elementor-col-100 elementor-top-column elementor-element elementor-element-1733e53\" data-id=\"1733e53\" data-element_type=\"column\" data-e-type=\"column\">\n\t\t\t<div class=\"elementor-widget-wrap elementor-element-populated\">\n\t\t\t\t\t\t<div class=\"elementor-element elementor-element-0a38d7c elementor-widget elementor-widget-text-editor\" data-id=\"0a38d7c\" data-element_type=\"widget\" data-e-type=\"widget\" data-widget_type=\"text-editor.default\">\n\t\t\t\t<div class=\"elementor-widget-container\">\n\t\t\t\t\t\t\t\t\t<b>CN<\/b>Badalona\t\t\t\t\t\t\t\t<\/div>\n\t\t\t\t<\/div>\n\t\t\t\t<div class=\"elementor-element elementor-element-d939598 elementor-widget elementor-widget-heading\" data-id=\"d939598\" data-element_type=\"widget\" data-e-type=\"widget\" data-widget_type=\"heading.default\">\n\t\t\t\t<div class=\"elementor-widget-container\">\n\t\t\t\t\t<h1 class=\"elementor-heading-title elementor-size-default\">Av\u00eds Legal<\/h1>\t\t\t\t<\/div>\n\t\t\t\t<\/div>\n\t\t\t\t\t<\/div>\n\t\t<\/div>\n\t\t\t\t\t<\/div>\n\t\t<\/section>\n\t\t\t\t<section data-particle_enable=\"false\" data-particle-mobile-disabled=\"false\" class=\"elementor-section elementor-top-section elementor-element elementor-element-16f5afc elementor-section-full_width elementor-section-stretched elementor-section-content-middle elementor-section-height-default elementor-section-height-default\" data-id=\"16f5afc\" data-element_type=\"section\" data-e-type=\"section\" data-settings=\"{&quot;stretch_section&quot;:&quot;section-stretched&quot;}\">\n\t\t\t\t\t\t<div class=\"elementor-container elementor-column-gap-default\">\n\t\t\t\t\t<div class=\"elementor-column elementor-col-100 elementor-top-column elementor-element elementor-element-4a0d80e\" data-id=\"4a0d80e\" data-element_type=\"column\" data-e-type=\"column\" data-settings=\"{&quot;background_background&quot;:&quot;classic&quot;}\">\n\t\t\t<div class=\"elementor-widget-wrap elementor-element-populated\">\n\t\t\t\t\t<div class=\"elementor-background-overlay\"><\/div>\n\t\t\t\t\t\t<div class=\"elementor-element elementor-element-aa839de elementor-widget elementor-widget-image\" data-id=\"aa839de\" data-element_type=\"widget\" data-e-type=\"widget\" data-widget_type=\"image.default\">\n\t\t\t\t<div class=\"elementor-widget-container\">\n\t\t\t\t\t\t\t\t\t\t\t\t\t\t\t<img fetchpriority=\"high\" decoding=\"async\" width=\"1080\" height=\"240\" src=\"https:\/\/cnbadalona.cat\/wp-content\/uploads\/2024\/04\/cnb-grafic-onada-1.png\" class=\"attachment-full size-full wp-image-24108\" alt=\"\" srcset=\"https:\/\/cnbadalona.cat\/wp-content\/uploads\/2024\/04\/cnb-grafic-onada-1.png 1080w, https:\/\/cnbadalona.cat\/wp-content\/uploads\/2024\/04\/cnb-grafic-onada-1-300x67.png 300w, https:\/\/cnbadalona.cat\/wp-content\/uploads\/2024\/04\/cnb-grafic-onada-1-1024x228.png 1024w, https:\/\/cnbadalona.cat\/wp-content\/uploads\/2024\/04\/cnb-grafic-onada-1-768x171.png 768w\" sizes=\"(max-width: 1080px) 100vw, 1080px\" \/>\t\t\t\t\t\t\t\t\t\t\t\t\t\t\t<\/div>\n\t\t\t\t<\/div>\n\t\t\t\t<section data-particle_enable=\"false\" data-particle-mobile-disabled=\"false\" class=\"elementor-section elementor-inner-section elementor-element elementor-element-1da16bf elementor-section-boxed elementor-section-height-default elementor-section-height-default\" data-id=\"1da16bf\" data-element_type=\"section\" data-e-type=\"section\">\n\t\t\t\t\t\t<div class=\"elementor-container elementor-column-gap-default\">\n\t\t\t\t\t<div class=\"elementor-column elementor-col-100 elementor-inner-column elementor-element elementor-element-c4a67ae\" data-id=\"c4a67ae\" data-element_type=\"column\" data-e-type=\"column\">\n\t\t\t<div class=\"elementor-widget-wrap elementor-element-populated\">\n\t\t\t\t\t\t<div class=\"elementor-element elementor-element-a7d408f elementor-widget elementor-widget-text-editor\" data-id=\"a7d408f\" data-element_type=\"widget\" data-e-type=\"widget\" data-widget_type=\"text-editor.default\">\n\t\t\t\t<div class=\"elementor-widget-container\">\n\t\t\t\t\t\t\t\t\t<p>El present Av\u00eds Legal regula l\u2019acc\u00e9s, navegaci\u00f3 i \u00fas del present lloc web\u00a0<a href=\"https:\/\/cnbadalona.cat\/\">cnbadalona.cat<\/a>\u00a0(d\u2019ara endavant, el\u00a0\u201cLloc web\u201d).<\/p><p><b>Informaci\u00f3 sobre el titular del Lloc web<\/b><\/p><p>L\u2019informem que aquest Lloc web \u00e9s titularitat de CLUB NATACI\u00d3 BADALONA (d\u2019ara endavant, el \u201cTITULAR\u201d), amb CIF G08516262 i domicili social en Carrer Eduard Maristany, 5-7, 08912 Badalona.<\/p><p>L\u2019usuari (d\u2019ara endavant, el \u201cUsuari\u201d) pot posar se en contacte amb CLUB NATACI\u00d3 BADALONA. a trav\u00e9s de la\u00a0 seg\u00fcent adre\u00e7a de correu electr\u00f2nic: <a href=\"mailto:info@cnbadalona.cat\"><span data-sheets-root=\"1\" data-sheets-value=\"{&quot;1&quot;:2,&quot;2&quot;:&quot;info@cnbadalona.cat&quot;}\" data-sheets-userformat=\"{&quot;2&quot;:513,&quot;3&quot;:{&quot;1&quot;:0},&quot;12&quot;:0}\">info@cnbadalona.cat<\/span><\/a>.<\/p><p><b>Usuaris<\/b><\/p><p>L\u2019acc\u00e9s i\/o \u00fas al Lloc web li atribueix la condici\u00f3 d\u2019Usuari, i accepta, des d\u2019aquest acc\u00e9s i\/o \u00fas, el present Av\u00eds Legal.<\/p><p>Aquest acc\u00e9s t\u00e9 car\u00e0cter lliure i gratu\u00eft. No obstant aix\u00f2, alguns dels serveis i continguts oferts en el Lloc web per part del TITULAR, pot trobar-se subjecte a la contractaci\u00f3 pr\u00e8via del servei o producte i al pagament d\u2019una quantitat de diners en la forma que es determini.<\/p><p><b>\u00das<\/b>\u00a0<b>del Lloc web<\/b><\/p><p>L\u2019Usuari assumeix la responsabilitat de l\u2019\u00fas del Lloc web. El Lloc web pot proporcionar acc\u00e9s a multitud de textos, gr\u00e0fics, dibuixos, dissenys, fotografies, continguts multim\u00e8dia, i informacions (d\u2019ara endavant,\u00a0\u00a0\u201cContinguts\u201d) pertanyents al TITULAR o a tercers als quals l\u2019Usuari pot tenir acc\u00e9s.<\/p><p>L\u2019Usuari es compromet a fer un \u00fas adequat dels Continguts i serveis oferts a trav\u00e9s del Lloc web i amb car\u00e0cter enunciatiu per\u00f2 no limitatiu, a no emprar-los per a\u00a0(i)\u00a0inc\u00f3rrer en activitats il\u00b7l\u00edcites, il\u00b7legals o contr\u00e0ries a la bona fe i a l\u2019ordre p\u00fablic;\u00a0(ii)\u00a0provocar danys en els sistemes f\u00edsics i l\u00f2gics del titular del Lloc web, dels seus prove\u00efdors o de terceres persones,\u00a0(iii)\u00a0introduir o difondre en la xarxa virus inform\u00e0tics o qualssevol altres sistemes f\u00edsics o l\u00f2gics que siguin susceptibles de provocar els danys anteriorment esmentats,\u00a0(iv)\u00a0intentar accedir, utilitzar i\/o manipular les dades del TITULAR, tercers prove\u00efdors i altres Usuaris;\u00a0(v)\u00a0reproduir o copiar, distribuir, permetre l\u2019acc\u00e9s del p\u00fablic a trav\u00e9s de qualsevol modalitat de comunicaci\u00f3 p\u00fablica, transformar o modificar els Continguts, tret que es compti amb l\u2019autoritzaci\u00f3 del titular dels corresponents drets; (vaig veure) suprimir, ocultar o manipular les notes sobre drets de propietat intel\u00b7lectual o industrial i altres dades identificatives dels drets del TITULAR o de tercers incorporats als Continguts, aix\u00ed com els dispositius t\u00e8cnics de protecci\u00f3 o qualssevol mecanismes d\u2019informaci\u00f3 que puguin inserir-se en els Continguts.<\/p><p>El TITULAR tindr\u00e1 dret a investigar i denunciar qualsevol de les conductes mencionades d\u2019acord amb la Llei, aix\u00ed com a col\u00b7laborar amb les autoritats en la investigaci\u00f3 de aquestes actuacions.<\/p><p><b>Propietat Intel\u00b7lectual<\/b><\/p><p>Tots els drets de propietat intel\u00b7lectual del contingut d\u2019aquest Lloc web i el seu disseny gr\u00e0fic s\u00f3n propietat exclusiva del TITULAR, o b\u00e9 d\u2019un tercer que ha autoritzat la utilitzaci\u00f3 d\u2019aquests, per la qual cosa \u00e9s al TITULAR a qui li correspon l\u2019exercici exclusiu dels drets d\u2019explotaci\u00f3 d\u2019aquests.<\/p><p>Per aix\u00f2 i en virtut del que es disposa en el Reial decret legislatiu 1\/1996, de 12 d\u2019Abril, pel qual s\u2019aprova el Text Ref\u00f3s de la Llei de Propietat Intel\u00b7lectual, aix\u00ed com en la Llei 17\/2001, de 7 de desembre, de Marques i la legislaci\u00f3 complement\u00e0ria en mat\u00e8ria de propietat intel\u00b7lectual i industrial, queda prohibida la reproducci\u00f3, transmissi\u00f3, adaptaci\u00f3, traducci\u00f3, distribuci\u00f3, comunicaci\u00f3 p\u00fablica, inclosa la seva modalitat de posada a disposici\u00f3, o qualsevol altra explotaci\u00f3 i\/o modificaci\u00f3, total o parcial, sense pr\u00e8via autoritzaci\u00f3 expressa del TITULAR, de qualsevol contingut incl\u00f2s en el Lloc web.<\/p><p>El TITULAR no concedeix cap llic\u00e8ncia o autoritzaci\u00f3 d\u2019\u00fas de cap classe sobre els seus drets de propietat intel\u00b7lectual i industrial o sobre qualsevol altra propietat o dret relacionat amb el Lloc web, els serveis o els continguts d\u2019aquest.<\/p><p>La legitimitat dels drets de propietat intel\u00b7lectual o industrial corresponents als continguts aportats pels Usuaris \u00e9s responsabilitat exclusiva d\u2019aquests, per la qual cosa l\u2019Usuari mantindr\u00e0 indemne al TITULAR de qualsevol reclamaci\u00f3 de tercers derivada de la utilitzaci\u00f3 il\u00b7l\u00edcita de continguts en el Lloc web.<\/p><p><b>Responsabilitat i Garanties<\/b><\/p><p>El TITULAR declara que ha adoptat les mesures necess\u00e0ries que, dins de les seves possibilitats i l\u2019estat de la tecnologia, permetin el correcte\u00a0 funcionament del seu Lloc web, aix\u00ed com l\u2019abs\u00e8ncia de virus i components nocius. No obstant aix\u00f2, el TITULAR no pot fer-se responsable de:\u00a0(i)\u00a0la continu\u00eftat i disponibilitat dels Continguts i Serveis;\u00a0(ii)\u00a0l\u2019abs\u00e8ncia d\u2019errors en aquests Continguts ni la correcci\u00f3 de qualsevol defecte que pogu\u00e9s oc\u00f3rrer;\u00a0(iii)\u00a0l\u2019abs\u00e8ncia de virus i\/o altres components nocius;\u00a0(iv)\u00a0els danys o perjudicis que causi qualsevol persona que vulneri els sistemes de seguretat del TITULAR.<\/p><p>El TITULAR podr\u00e0 suspendre temporalment i sense previ av\u00eds, l\u2019accessibilitat al Lloc web amb motiu d\u2019operacions de manteniment, reparaci\u00f3, actualitzaci\u00f3 o millora. No obstant aix\u00f2, sempre que les circumst\u00e0ncies ho permetin, el TITULAR comunicar\u00e0 a l\u2019Usuari, amb antelaci\u00f3 suficient, la data prevista per a la suspensi\u00f3 dels serveis.<\/p><p>El TITULAR no assumeix cap responsabilitat sobre els enlla\u00e7os a altres p\u00e0gines web que es trobin en el Lloc web, podent portar a l\u2019Usuari a altres llocs web sobre els quals el TITULAR no t\u00e9 cap mena de control, per la qual cosa l\u2019Usuari accedeix sota la seva exclusiva responsabilitat al contingut i en les condicions d\u2019\u00fas que regeixin en aquests.<\/p><p><b>Hipervincles<\/b><\/p><p>El TITULAR no es responsabilitza de l\u2019\u00fas que els Usuaris puguin fer dels continguts del Lloc web ni dels continguts de tercers que apareguin en el Lloc web. El TITULAR no t\u00e9 facultat ni mitjans humans i t\u00e8cnics per a con\u00e8ixer, controlar, ni aprovar tota la informaci\u00f3, continguts, productes o serveis que facilitin els tercers titulars d\u2019altres llocs webs i que tinguin establerts en el Lloc web.<\/p><p><b>Durada i modificaci\u00f3<\/b><\/p><p>El present Av\u00eds Legal estar\u00e0 vigent amb car\u00e0cter indefinit, podent el TITULAR efectuar canvis sobre les condicions especificades en el presen Av\u00eds Legal, i que entraran en vigor des del moment de la seva publicaci\u00f3.<\/p><p>El TITULAR podr\u00e0 suprimir, afegir o canviar tant els continguts com els serveis que presta, aix\u00ed com tamb\u00e9 la forma en la qual els mateixos apareguin localitzats o presentats. S\u2019entenen com a vigents, les condicions que estiguin publicades en el moment en el qual l\u2019Usuari accedeixi al Lloc web del TITULAR.<\/p><p>L\u2019acc\u00e9s i\/o l\u2019\u00fas del Lloc web s\u2019entendran com una acceptaci\u00f3 per part de l\u2019Usuari del present Av\u00eds Legal i, en el seu cas, els canvis efectuats en aquestes.<\/p>\t\t\t\t\t\t\t\t<\/div>\n\t\t\t\t<\/div>\n\t\t\t\t\t<\/div>\n\t\t<\/div>\n\t\t\t\t\t<\/div>\n\t\t<\/section>\n\t\t\t\t\t<\/div>\n\t\t<\/div>\n\t\t\t\t\t<\/div>\n\t\t<\/section>\n\t\t\t\t<\/div>\n\t\t","protected":false},"excerpt":{"rendered":"<p>CNBadalona Av\u00eds Legal El present Av\u00eds Legal regula l\u2019acc\u00e9s, navegaci\u00f3 i \u00fas del present lloc web\u00a0cnbadalona.cat\u00a0(d\u2019ara endavant, el\u00a0\u201cLloc web\u201d). Informaci\u00f3 sobre el titular del Lloc web L\u2019informem que aquest Lloc web \u00e9s titularitat de CLUB NATACI\u00d3 BADALONA (d\u2019ara endavant, el \u201cTITULAR\u201d), amb CIF G08516262 i domicili social en Carrer Eduard Maristany, 5-7, 08912 Badalona. L\u2019usuari [&hellip;]<\/p>\n","protected":false},"author":1,"featured_media":0,"parent":0,"menu_order":0,"comment_status":"closed","ping_status":"closed","template":"","meta":{"_eb_attr":"","site-sidebar-layout":"no-sidebar","site-content-layout":"","ast-site-content-layout":"full-width-container","site-content-style":"default","site-sidebar-style":"default","ast-global-header-display":"","ast-banner-title-visibility":"","ast-main-header-display":"","ast-hfb-above-header-display":"","ast-hfb-below-header-display":"","ast-hfb-mobile-header-display":"","site-post-title":"disabled","ast-breadcrumbs-content":"","ast-featured-img":"disabled","footer-sml-layout":"","ast-disable-related-posts":"","theme-transparent-header-meta":"","adv-header-id-meta":"","stick-header-meta":"","header-above-stick-meta":"","header-main-stick-meta":"","header-below-stick-meta":"","astra-migrate-meta-layouts":"default","ast-page-background-enabled":"default","ast-page-background-meta":{"desktop":{"background-color":"var(--ast-global-color-4)","background-image":"","background-repeat":"repeat","background-position":"center center","background-size":"auto","background-attachment":"scroll","background-type":"","background-media":"","overlay-type":"","overlay-color":"","overlay-opacity":"","overlay-gradient":""},"tablet":{"background-color":"","background-image":"","background-repeat":"repeat","background-position":"center center","background-size":"auto","background-attachment":"scroll","background-type":"","background-media":"","overlay-type":"","overlay-color":"","overlay-opacity":"","overlay-gradient":""},"mobile":{"background-color":"","background-image":"","background-repeat":"repeat","background-position":"center center","background-size":"auto","background-attachment":"scroll","background-type":"","background-media":"","overlay-type":"","overlay-color":"","overlay-opacity":"","overlay-gradient":""}},"ast-content-background-meta":{"desktop":{"background-color":"var(--ast-global-color-5)","background-image":"","background-repeat":"repeat","background-position":"center center","background-size":"auto","background-attachment":"scroll","background-type":"","background-media":"","overlay-type":"","overlay-color":"","overlay-opacity":"","overlay-gradient":""},"tablet":{"background-color":"var(--ast-global-color-5)","background-image":"","background-repeat":"repeat","background-position":"center center","background-size":"auto","background-attachment":"scroll","background-type":"","background-media":"","overlay-type":"","overlay-color":"","overlay-opacity":"","overlay-gradient":""},"mobile":{"background-color":"var(--ast-global-color-5)","background-image":"","background-repeat":"repeat","background-position":"center center","background-size":"auto","background-attachment":"scroll","background-type":"","background-media":"","overlay-type":"","overlay-color":"","overlay-opacity":"","overlay-gradient":""}},"footnotes":""},"class_list":["post-24226","page","type-page","status-publish","hentry"],"yoast_head":"<!-- This site is optimized with the Yoast SEO plugin v27.0 - https:\/\/yoast.com\/product\/yoast-seo-wordpress\/ -->\n<title>Aviso Legal - Club Nataci\u00f3 de Badalona<\/title>\n<meta name=\"robots\" content=\"index, follow, max-snippet:-1, max-image-preview:large, max-video-preview:-1\" \/>\n<link rel=\"canonical\" href=\"https:\/\/cnbadalona.cat\/es\/avis-legal\/\" \/>\n<meta property=\"og:locale\" content=\"es_ES\" \/>\n<meta property=\"og:type\" content=\"article\" \/>\n<meta property=\"og:title\" content=\"Aviso Legal - Club Nataci\u00f3 de Badalona\" \/>\n<meta property=\"og:description\" content=\"CNBadalona Av\u00eds Legal El present Av\u00eds Legal regula l\u2019acc\u00e9s, navegaci\u00f3 i \u00fas del present lloc web\u00a0cnbadalona.cat\u00a0(d\u2019ara endavant, el\u00a0\u201cLloc web\u201d). Informaci\u00f3 sobre el titular del Lloc web L\u2019informem que aquest Lloc web \u00e9s titularitat de CLUB NATACI\u00d3 BADALONA (d\u2019ara endavant, el \u201cTITULAR\u201d), amb CIF G08516262 i domicili social en Carrer Eduard Maristany, 5-7, 08912 Badalona. L\u2019usuari [&hellip;]\" \/>\n<meta property=\"og:url\" content=\"https:\/\/cnbadalona.cat\/es\/avis-legal\/\" \/>\n<meta property=\"og:site_name\" content=\"Club Nataci\u00f3 de Badalona\" \/>\n<meta property=\"article:modified_time\" content=\"2024-04-16T09:41:15+00:00\" \/>\n<meta property=\"og:image\" content=\"https:\/\/cnbadalona.cat\/wp-content\/uploads\/2024\/04\/cnb-grafic-onada-1.png\" \/>\n\t<meta property=\"og:image:width\" content=\"1080\" \/>\n\t<meta property=\"og:image:height\" content=\"240\" \/>\n\t<meta property=\"og:image:type\" content=\"image\/png\" \/>\n<meta name=\"twitter:card\" content=\"summary_large_image\" \/>\n<meta name=\"twitter:label1\" content=\"Tiempo de lectura\" \/>\n\t<meta name=\"twitter:data1\" content=\"6 minutos\" \/>\n<script type=\"application\/ld+json\" class=\"yoast-schema-graph\">{\"@context\":\"https:\/\/schema.org\",\"@graph\":[{\"@type\":\"WebPage\",\"@id\":\"https:\/\/cnbadalona.cat\/es\/avis-legal\/\",\"url\":\"https:\/\/cnbadalona.cat\/es\/avis-legal\/\",\"name\":\"Aviso Legal - Club Nataci\u00f3 de Badalona\",\"isPartOf\":{\"@id\":\"https:\/\/cnbadalona.cat\/#website\"},\"primaryImageOfPage\":{\"@id\":\"https:\/\/cnbadalona.cat\/es\/avis-legal\/#primaryimage\"},\"image\":{\"@id\":\"https:\/\/cnbadalona.cat\/es\/avis-legal\/#primaryimage\"},\"thumbnailUrl\":\"https:\/\/cnbadalona.cat\/wp-content\/uploads\/2024\/04\/cnb-grafic-onada-1.png\",\"datePublished\":\"2024-04-09T11:14:37+00:00\",\"dateModified\":\"2024-04-16T09:41:15+00:00\",\"breadcrumb\":{\"@id\":\"https:\/\/cnbadalona.cat\/es\/avis-legal\/#breadcrumb\"},\"inLanguage\":\"es\",\"potentialAction\":[{\"@type\":\"ReadAction\",\"target\":[\"https:\/\/cnbadalona.cat\/es\/avis-legal\/\"]}]},{\"@type\":\"ImageObject\",\"inLanguage\":\"es\",\"@id\":\"https:\/\/cnbadalona.cat\/es\/avis-legal\/#primaryimage\",\"url\":\"https:\/\/cnbadalona.cat\/wp-content\/uploads\/2024\/04\/cnb-grafic-onada-1.png\",\"contentUrl\":\"https:\/\/cnbadalona.cat\/wp-content\/uploads\/2024\/04\/cnb-grafic-onada-1.png\"},{\"@type\":\"BreadcrumbList\",\"@id\":\"https:\/\/cnbadalona.cat\/es\/avis-legal\/#breadcrumb\",\"itemListElement\":[{\"@type\":\"ListItem\",\"position\":1,\"name\":\"Inici\",\"item\":\"https:\/\/cnbadalona.cat\/\"},{\"@type\":\"ListItem\",\"position\":2,\"name\":\"Aviso Legal\"}]},{\"@type\":\"WebSite\",\"@id\":\"https:\/\/cnbadalona.cat\/#website\",\"url\":\"https:\/\/cnbadalona.cat\/\",\"name\":\"Club Nataci\u00f3 de Badalona\",\"description\":\"\",\"publisher\":{\"@id\":\"https:\/\/cnbadalona.cat\/#organization\"},\"potentialAction\":[{\"@type\":\"SearchAction\",\"target\":{\"@type\":\"EntryPoint\",\"urlTemplate\":\"https:\/\/cnbadalona.cat\/?s={search_term_string}\"},\"query-input\":{\"@type\":\"PropertyValueSpecification\",\"valueRequired\":true,\"valueName\":\"search_term_string\"}}],\"inLanguage\":\"es\"},{\"@type\":\"Organization\",\"@id\":\"https:\/\/cnbadalona.cat\/#organization\",\"name\":\"Club Nataci\u00f3 de Badalona\",\"url\":\"https:\/\/cnbadalona.cat\/\",\"logo\":{\"@type\":\"ImageObject\",\"inLanguage\":\"es\",\"@id\":\"https:\/\/cnbadalona.cat\/#\/schema\/logo\/image\/\",\"url\":\"https:\/\/cnbadalona.cat\/wp-content\/uploads\/2023\/11\/cropped-Logo-CNB.png\",\"contentUrl\":\"https:\/\/cnbadalona.cat\/wp-content\/uploads\/2023\/11\/cropped-Logo-CNB.png\",\"width\":500,\"height\":167,\"caption\":\"Club Nataci\u00f3 de Badalona\"},\"image\":{\"@id\":\"https:\/\/cnbadalona.cat\/#\/schema\/logo\/image\/\"}}]}<\/script>\n<!-- \/ Yoast SEO plugin. -->","yoast_head_json":{"title":"Aviso Legal - Club Nataci\u00f3 de Badalona","robots":{"index":"index","follow":"follow","max-snippet":"max-snippet:-1","max-image-preview":"max-image-preview:large","max-video-preview":"max-video-preview:-1"},"canonical":"https:\/\/cnbadalona.cat\/es\/avis-legal\/","og_locale":"es_ES","og_type":"article","og_title":"Aviso Legal - Club Nataci\u00f3 de Badalona","og_description":"CNBadalona Av\u00eds Legal El present Av\u00eds Legal regula l\u2019acc\u00e9s, navegaci\u00f3 i \u00fas del present lloc web\u00a0cnbadalona.cat\u00a0(d\u2019ara endavant, el\u00a0\u201cLloc web\u201d). Informaci\u00f3 sobre el titular del Lloc web L\u2019informem que aquest Lloc web \u00e9s titularitat de CLUB NATACI\u00d3 BADALONA (d\u2019ara endavant, el \u201cTITULAR\u201d), amb CIF G08516262 i domicili social en Carrer Eduard Maristany, 5-7, 08912 Badalona. L\u2019usuari [&hellip;]","og_url":"https:\/\/cnbadalona.cat\/es\/avis-legal\/","og_site_name":"Club Nataci\u00f3 de Badalona","article_modified_time":"2024-04-16T09:41:15+00:00","og_image":[{"width":1080,"height":240,"url":"https:\/\/cnbadalona.cat\/wp-content\/uploads\/2024\/04\/cnb-grafic-onada-1.png","type":"image\/png"}],"twitter_card":"summary_large_image","twitter_misc":{"Tiempo de lectura":"6 minutos"},"schema":{"@context":"https:\/\/schema.org","@graph":[{"@type":"WebPage","@id":"https:\/\/cnbadalona.cat\/es\/avis-legal\/","url":"https:\/\/cnbadalona.cat\/es\/avis-legal\/","name":"Aviso Legal - Club Nataci\u00f3 de Badalona","isPartOf":{"@id":"https:\/\/cnbadalona.cat\/#website"},"primaryImageOfPage":{"@id":"https:\/\/cnbadalona.cat\/es\/avis-legal\/#primaryimage"},"image":{"@id":"https:\/\/cnbadalona.cat\/es\/avis-legal\/#primaryimage"},"thumbnailUrl":"https:\/\/cnbadalona.cat\/wp-content\/uploads\/2024\/04\/cnb-grafic-onada-1.png","datePublished":"2024-04-09T11:14:37+00:00","dateModified":"2024-04-16T09:41:15+00:00","breadcrumb":{"@id":"https:\/\/cnbadalona.cat\/es\/avis-legal\/#breadcrumb"},"inLanguage":"es","potentialAction":[{"@type":"ReadAction","target":["https:\/\/cnbadalona.cat\/es\/avis-legal\/"]}]},{"@type":"ImageObject","inLanguage":"es","@id":"https:\/\/cnbadalona.cat\/es\/avis-legal\/#primaryimage","url":"https:\/\/cnbadalona.cat\/wp-content\/uploads\/2024\/04\/cnb-grafic-onada-1.png","contentUrl":"https:\/\/cnbadalona.cat\/wp-content\/uploads\/2024\/04\/cnb-grafic-onada-1.png"},{"@type":"BreadcrumbList","@id":"https:\/\/cnbadalona.cat\/es\/avis-legal\/#breadcrumb","itemListElement":[{"@type":"ListItem","position":1,"name":"Inici","item":"https:\/\/cnbadalona.cat\/"},{"@type":"ListItem","position":2,"name":"Aviso Legal"}]},{"@type":"WebSite","@id":"https:\/\/cnbadalona.cat\/#website","url":"https:\/\/cnbadalona.cat\/","name":"Club Nataci\u00f3 de Badalona","description":"","publisher":{"@id":"https:\/\/cnbadalona.cat\/#organization"},"potentialAction":[{"@type":"SearchAction","target":{"@type":"EntryPoint","urlTemplate":"https:\/\/cnbadalona.cat\/?s={search_term_string}"},"query-input":{"@type":"PropertyValueSpecification","valueRequired":true,"valueName":"search_term_string"}}],"inLanguage":"es"},{"@type":"Organization","@id":"https:\/\/cnbadalona.cat\/#organization","name":"Club Nataci\u00f3 de Badalona","url":"https:\/\/cnbadalona.cat\/","logo":{"@type":"ImageObject","inLanguage":"es","@id":"https:\/\/cnbadalona.cat\/#\/schema\/logo\/image\/","url":"https:\/\/cnbadalona.cat\/wp-content\/uploads\/2023\/11\/cropped-Logo-CNB.png","contentUrl":"https:\/\/cnbadalona.cat\/wp-content\/uploads\/2023\/11\/cropped-Logo-CNB.png","width":500,"height":167,"caption":"Club Nataci\u00f3 de Badalona"},"image":{"@id":"https:\/\/cnbadalona.cat\/#\/schema\/logo\/image\/"}}]}},"_links":{"self":[{"href":"https:\/\/cnbadalona.cat\/es\/wp-json\/wp\/v2\/pages\/24226","targetHints":{"allow":["GET"]}}],"collection":[{"href":"https:\/\/cnbadalona.cat\/es\/wp-json\/wp\/v2\/pages"}],"about":[{"href":"https:\/\/cnbadalona.cat\/es\/wp-json\/wp\/v2\/types\/page"}],"author":[{"embeddable":true,"href":"https:\/\/cnbadalona.cat\/es\/wp-json\/wp\/v2\/users\/1"}],"replies":[{"embeddable":true,"href":"https:\/\/cnbadalona.cat\/es\/wp-json\/wp\/v2\/comments?post=24226"}],"version-history":[{"count":2,"href":"https:\/\/cnbadalona.cat\/es\/wp-json\/wp\/v2\/pages\/24226\/revisions"}],"predecessor-version":[{"id":24257,"href":"https:\/\/cnbadalona.cat\/es\/wp-json\/wp\/v2\/pages\/24226\/revisions\/24257"}],"wp:attachment":[{"href":"https:\/\/cnbadalona.cat\/es\/wp-json\/wp\/v2\/media?parent=24226"}],"curies":[{"name":"wp","href":"https:\/\/api.w.org\/{rel}","templated":true}]}}